{"id":13,"date":"2022-12-08T22:13:16","date_gmt":"2022-12-08T21:13:16","guid":{"rendered":"https:\/\/jawnaenergia.pl\/?page_id=13"},"modified":"2025-10-01T13:28:14","modified_gmt":"2025-10-01T12:28:14","slug":"cennik","status":"publish","type":"page","link":"https:\/\/jawnaenergia.pl\/index.php\/cennik\/","title":{"rendered":"CENNIK"},"content":{"rendered":"\n<p class=\"has-medium-font-size\">1. Doradztwo energetyczne: od 300 z\u0142 netto plus koszt dojazdu*.<\/p>\n\n\n\n<p class=\"has-medium-font-size\">2. \u015awiadectwo charakterystyki energetycznej budynku: od 300 z\u0142 netto plus koszt dojazdu*.<\/p>\n\n\n\n<p class=\"has-medium-font-size\">3. Audyt energetyczny: od 1200 z\u0142 netto plus koszt dojazdu*.<\/p>\n\n\n\n<p class=\"has-medium-font-size\">4. Badanie kamer\u0105 termowizyjn\u0105: od 400 z\u0142 netto plus koszt dojazdu*.<\/p>\n\n\n\n<p class=\"has-medium-font-size\">*Dok\u0142adna cena ka\u017cdorazowo ustalana indywidualnie.<\/p>\n\n\n\n<p class=\"has-medium-font-size\">Cena zale\u017cy mi\u0119dzy innymi od rodzaju nieruchomo\u015bci, liczby kondygnacji oraz wielko\u015bci budynku.<\/p>\n\n\n\n<div class=\"wp-block-columns is-layout-flex wp-container-core-columns-is-layout-9d6595d7 wp-block-columns-is-layout-flex\">\n<div class=\"wp-block-column is-layout-flow wp-block-column-is-layout-flow\">\n<div class=\"wp-block-columns is-layout-flex wp-container-core-columns-is-layout-9d6595d7 wp-block-columns-is-layout-flex\">\n<div class=\"wp-block-column is-layout-flow wp-block-column-is-layout-flow\">\n<figure class=\"wp-block-image size-full is-resized\"><img loading=\"lazy\" decoding=\"async\" src=\"https:\/\/jawnaenergia.pl\/wp-content\/uploads\/2025\/10\/Projekt-bez-nazwy-2025-10-01T124059.902-3.png\" alt=\"\" class=\"wp-image-267\" width=\"904\" height=\"514\" srcset=\"https:\/\/jawnaenergia.pl\/wp-content\/uploads\/2025\/10\/Projekt-bez-nazwy-2025-10-01T124059.902-3.png 940w, https:\/\/jawnaenergia.pl\/wp-content\/uploads\/2025\/10\/Projekt-bez-nazwy-2025-10-01T124059.902-3-300x170.png 300w, https:\/\/jawnaenergia.pl\/wp-content\/uploads\/2025\/10\/Projekt-bez-nazwy-2025-10-01T124059.902-3-768x436.png 768w\" sizes=\"auto, (max-width: 904px) 100vw, 904px\" \/><\/figure>\n<\/div>\n<\/div>\n<\/div>\n<\/div>\n\n\n\n<figure class=\"wp-block-image size-full is-resized\"><img loading=\"lazy\" decoding=\"async\" src=\"https:\/\/jawnaenergia.pl\/wp-content\/uploads\/2025\/10\/Projekt-bez-nazwy-2025-10-01T124423.064-3.png\" alt=\"\" class=\"wp-image-269\" width=\"904\" height=\"539\" srcset=\"https:\/\/jawnaenergia.pl\/wp-content\/uploads\/2025\/10\/Projekt-bez-nazwy-2025-10-01T124423.064-3.png 940w, https:\/\/jawnaenergia.pl\/wp-content\/uploads\/2025\/10\/Projekt-bez-nazwy-2025-10-01T124423.064-3-300x179.png 300w, https:\/\/jawnaenergia.pl\/wp-content\/uploads\/2025\/10\/Projekt-bez-nazwy-2025-10-01T124423.064-3-768x458.png 768w\" sizes=\"auto, (max-width: 904px) 100vw, 904px\" \/><\/figure>\n","protected":false},"excerpt":{"rendered":"<p>1. Doradztwo energetyczne: od 300 z\u0142 netto plus koszt dojazdu*. 2. \u015awiadectwo charakterystyki energetycznej budynku: od 300 z\u0142 netto plus koszt dojazdu*. 3. Audyt energetyczny: od 1200 z\u0142 netto plus [&hellip;]<\/p>\n","protected":false},"author":1,"featured_media":0,"parent":0,"menu_order":0,"comment_status":"closed","ping_status":"closed","template":"","meta":{"om_disable_all_campaigns":false,"_monsterinsights_skip_tracking":false,"_monsterinsights_sitenote_active":false,"_monsterinsights_sitenote_note":"","_monsterinsights_sitenote_category":0,"footnotes":""},"class_list":["post-13","page","type-page","status-publish","hentry"],"yoast_head":"<!-- This site is optimized with the Yoast SEO plugin v27.4 - https:\/\/yoast.com\/product\/yoast-seo-wordpress\/ -->\n<title>CENNIK - Jawna Energia<\/title>\n<meta name=\"robots\" content=\"index, follow, max-snippet:-1, max-image-preview:large, max-video-preview:-1\" \/>\n<link rel=\"canonical\" href=\"https:\/\/jawnaenergia.pl\/index.php\/cennik\/\" \/>\n<meta property=\"og:locale\" content=\"pl_PL\" \/>\n<meta property=\"og:type\" content=\"article\" \/>\n<meta property=\"og:title\" content=\"CENNIK - Jawna Energia\" \/>\n<meta property=\"og:description\" content=\"1. Doradztwo energetyczne: od 300 z\u0142 netto plus koszt dojazdu*. 2. \u015awiadectwo charakterystyki energetycznej budynku: od 300 z\u0142 netto plus koszt dojazdu*. 3. Audyt energetyczny: od 1200 z\u0142 netto plus [&hellip;]\" \/>\n<meta property=\"og:url\" content=\"https:\/\/jawnaenergia.pl\/index.php\/cennik\/\" \/>\n<meta property=\"og:site_name\" content=\"Jawna Energia\" \/>\n<meta property=\"article:modified_time\" content=\"2025-10-01T12:28:14+00:00\" \/>\n<meta property=\"og:image\" content=\"https:\/\/jawnaenergia.pl\/wp-content\/uploads\/2025\/10\/Projekt-bez-nazwy-2025-10-01T124059.902-3.png\" \/>\n<meta name=\"twitter:card\" content=\"summary_large_image\" \/>\n<script type=\"application\/ld+json\" class=\"yoast-schema-graph\">{\"@context\":\"https:\\\/\\\/schema.org\",\"@graph\":[{\"@type\":\"WebPage\",\"@id\":\"https:\\\/\\\/jawnaenergia.pl\\\/index.php\\\/cennik\\\/\",\"url\":\"https:\\\/\\\/jawnaenergia.pl\\\/index.php\\\/cennik\\\/\",\"name\":\"CENNIK - Jawna Energia\",\"isPartOf\":{\"@id\":\"https:\\\/\\\/jawnaenergia.pl\\\/#website\"},\"primaryImageOfPage\":{\"@id\":\"https:\\\/\\\/jawnaenergia.pl\\\/index.php\\\/cennik\\\/#primaryimage\"},\"image\":{\"@id\":\"https:\\\/\\\/jawnaenergia.pl\\\/index.php\\\/cennik\\\/#primaryimage\"},\"thumbnailUrl\":\"https:\\\/\\\/jawnaenergia.pl\\\/wp-content\\\/uploads\\\/2025\\\/10\\\/Projekt-bez-nazwy-2025-10-01T124059.902-3.png\",\"datePublished\":\"2022-12-08T21:13:16+00:00\",\"dateModified\":\"2025-10-01T12:28:14+00:00\",\"breadcrumb\":{\"@id\":\"https:\\\/\\\/jawnaenergia.pl\\\/index.php\\\/cennik\\\/#breadcrumb\"},\"inLanguage\":\"pl-PL\",\"potentialAction\":[{\"@type\":\"ReadAction\",\"target\":[\"https:\\\/\\\/jawnaenergia.pl\\\/index.php\\\/cennik\\\/\"]}]},{\"@type\":\"ImageObject\",\"inLanguage\":\"pl-PL\",\"@id\":\"https:\\\/\\\/jawnaenergia.pl\\\/index.php\\\/cennik\\\/#primaryimage\",\"url\":\"https:\\\/\\\/jawnaenergia.pl\\\/wp-content\\\/uploads\\\/2025\\\/10\\\/Projekt-bez-nazwy-2025-10-01T124059.902-3.png\",\"contentUrl\":\"https:\\\/\\\/jawnaenergia.pl\\\/wp-content\\\/uploads\\\/2025\\\/10\\\/Projekt-bez-nazwy-2025-10-01T124059.902-3.png\",\"width\":940,\"height\":534},{\"@type\":\"BreadcrumbList\",\"@id\":\"https:\\\/\\\/jawnaenergia.pl\\\/index.php\\\/cennik\\\/#breadcrumb\",\"itemListElement\":[{\"@type\":\"ListItem\",\"position\":1,\"name\":\"Strona g\u0142\u00f3wna\",\"item\":\"https:\\\/\\\/jawnaenergia.pl\\\/\"},{\"@type\":\"ListItem\",\"position\":2,\"name\":\"CENNIK\"}]},{\"@type\":\"WebSite\",\"@id\":\"https:\\\/\\\/jawnaenergia.pl\\\/#website\",\"url\":\"https:\\\/\\\/jawnaenergia.pl\\\/\",\"name\":\"Jawna Energia\",\"description\":\"Doradztwo energetyczne\",\"potentialAction\":[{\"@type\":\"SearchAction\",\"target\":{\"@type\":\"EntryPoint\",\"urlTemplate\":\"https:\\\/\\\/jawnaenergia.pl\\\/?s={search_term_string}\"},\"query-input\":{\"@type\":\"PropertyValueSpecification\",\"valueRequired\":true,\"valueName\":\"search_term_string\"}}],\"inLanguage\":\"pl-PL\"}]}<\/script>\n<!-- \/ Yoast SEO plugin. -->","yoast_head_json":{"title":"CENNIK - Jawna Energia","robots":{"index":"index","follow":"follow","max-snippet":"max-snippet:-1","max-image-preview":"max-image-preview:large","max-video-preview":"max-video-preview:-1"},"canonical":"https:\/\/jawnaenergia.pl\/index.php\/cennik\/","og_locale":"pl_PL","og_type":"article","og_title":"CENNIK - Jawna Energia","og_description":"1. Doradztwo energetyczne: od 300 z\u0142 netto plus koszt dojazdu*. 2. \u015awiadectwo charakterystyki energetycznej budynku: od 300 z\u0142 netto plus koszt dojazdu*. 3. Audyt energetyczny: od 1200 z\u0142 netto plus [&hellip;]","og_url":"https:\/\/jawnaenergia.pl\/index.php\/cennik\/","og_site_name":"Jawna Energia","article_modified_time":"2025-10-01T12:28:14+00:00","og_image":[{"url":"https:\/\/jawnaenergia.pl\/wp-content\/uploads\/2025\/10\/Projekt-bez-nazwy-2025-10-01T124059.902-3.png","type":"","width":"","height":""}],"twitter_card":"summary_large_image","schema":{"@context":"https:\/\/schema.org","@graph":[{"@type":"WebPage","@id":"https:\/\/jawnaenergia.pl\/index.php\/cennik\/","url":"https:\/\/jawnaenergia.pl\/index.php\/cennik\/","name":"CENNIK - Jawna Energia","isPartOf":{"@id":"https:\/\/jawnaenergia.pl\/#website"},"primaryImageOfPage":{"@id":"https:\/\/jawnaenergia.pl\/index.php\/cennik\/#primaryimage"},"image":{"@id":"https:\/\/jawnaenergia.pl\/index.php\/cennik\/#primaryimage"},"thumbnailUrl":"https:\/\/jawnaenergia.pl\/wp-content\/uploads\/2025\/10\/Projekt-bez-nazwy-2025-10-01T124059.902-3.png","datePublished":"2022-12-08T21:13:16+00:00","dateModified":"2025-10-01T12:28:14+00:00","breadcrumb":{"@id":"https:\/\/jawnaenergia.pl\/index.php\/cennik\/#breadcrumb"},"inLanguage":"pl-PL","potentialAction":[{"@type":"ReadAction","target":["https:\/\/jawnaenergia.pl\/index.php\/cennik\/"]}]},{"@type":"ImageObject","inLanguage":"pl-PL","@id":"https:\/\/jawnaenergia.pl\/index.php\/cennik\/#primaryimage","url":"https:\/\/jawnaenergia.pl\/wp-content\/uploads\/2025\/10\/Projekt-bez-nazwy-2025-10-01T124059.902-3.png","contentUrl":"https:\/\/jawnaenergia.pl\/wp-content\/uploads\/2025\/10\/Projekt-bez-nazwy-2025-10-01T124059.902-3.png","width":940,"height":534},{"@type":"BreadcrumbList","@id":"https:\/\/jawnaenergia.pl\/index.php\/cennik\/#breadcrumb","itemListElement":[{"@type":"ListItem","position":1,"name":"Strona g\u0142\u00f3wna","item":"https:\/\/jawnaenergia.pl\/"},{"@type":"ListItem","position":2,"name":"CENNIK"}]},{"@type":"WebSite","@id":"https:\/\/jawnaenergia.pl\/#website","url":"https:\/\/jawnaenergia.pl\/","name":"Jawna Energia","description":"Doradztwo energetyczne","potentialAction":[{"@type":"SearchAction","target":{"@type":"EntryPoint","urlTemplate":"https:\/\/jawnaenergia.pl\/?s={search_term_string}"},"query-input":{"@type":"PropertyValueSpecification","valueRequired":true,"valueName":"search_term_string"}}],"inLanguage":"pl-PL"}]}},"_hostinger_reach_plugin_has_subscription_block":false,"_hostinger_reach_plugin_is_elementor":false,"_links":{"self":[{"href":"https:\/\/jawnaenergia.pl\/index.php\/wp-json\/wp\/v2\/pages\/13","targetHints":{"allow":["GET"]}}],"collection":[{"href":"https:\/\/jawnaenergia.pl\/index.php\/wp-json\/wp\/v2\/pages"}],"about":[{"href":"https:\/\/jawnaenergia.pl\/index.php\/wp-json\/wp\/v2\/types\/page"}],"author":[{"embeddable":true,"href":"https:\/\/jawnaenergia.pl\/index.php\/wp-json\/wp\/v2\/users\/1"}],"replies":[{"embeddable":true,"href":"https:\/\/jawnaenergia.pl\/index.php\/wp-json\/wp\/v2\/comments?post=13"}],"version-history":[{"count":7,"href":"https:\/\/jawnaenergia.pl\/index.php\/wp-json\/wp\/v2\/pages\/13\/revisions"}],"predecessor-version":[{"id":270,"href":"https:\/\/jawnaenergia.pl\/index.php\/wp-json\/wp\/v2\/pages\/13\/revisions\/270"}],"wp:attachment":[{"href":"https:\/\/jawnaenergia.pl\/index.php\/wp-json\/wp\/v2\/media?parent=13"}],"curies":[{"name":"wp","href":"https:\/\/api.w.org\/{rel}","templated":true}]}}