{"id":19,"date":"2022-12-08T22:13:42","date_gmt":"2022-12-08T21:13:42","guid":{"rendered":"https:\/\/jawnaenergia.pl\/?page_id=19"},"modified":"2026-02-11T20:08:18","modified_gmt":"2026-02-11T19:08:18","slug":"dotacje","status":"publish","type":"page","link":"https:\/\/jawnaenergia.pl\/index.php\/dotacje\/","title":{"rendered":"DOTACJE"},"content":{"rendered":"\n<p><\/p>\n\n\n\n<ol class=\"wp-block-list\">\n<li class=\"has-large-font-size\"><strong>M\u00f3j Pr\u0105d<\/strong><\/li>\n<\/ol>\n\n\n\n<p class=\"has-medium-font-size\">M\u00f3j Pr\u0105d to program dla os\u00f3b fizycznych, kt\u00f3re przy\u0142\u0105czaj\u0105 mikroistalacj\u0119 fotowoltaiczn\u0105 od 2 kWp do 10 kWp oraz podpisuj\u0105 umow\u0119 prosumenck\u0105 z zak\u0142adem energetycznym.<\/p>\n\n\n\n<p class=\"has-medium-font-size\">Dotacja z\u0142o\u017cona jest z kilku sk\u0142adowych:<\/p>\n\n\n\n<p class=\"has-medium-font-size\">\u2013 sama instalacja PV \u2013 do 6000 z\u0142,<\/p>\n\n\n\n<p class=\"has-medium-font-size\">\u2013 instalacja PV przy zakupie innych element\u00f3w \u2013 do 7000 z\u0142,<\/p>\n\n\n\n<p class=\"has-medium-font-size\">\u2013 magazyn ciep\u0142a \u2013 do 5000 z\u0142,<\/p>\n\n\n\n<p class=\"has-medium-font-size\">\u2013 magazyn energii elektrycznej \u2013 do 16 000 z\u0142,<\/p>\n\n\n\n<p class=\"has-medium-font-size\">\u2013 system zarz\u0105dzania energi\u0105 HEMS\/EMS (pod warunkiem zakupu magazynu ciep\u0142a lub energii) \u2013 do 3000 z\u0142.<\/p>\n\n\n\n<p class=\"has-medium-font-size\">Je\u015bli chcesz dowiedzie\u0107 si\u0119 wi\u0119cej lub szukasz doradcy, kt\u00f3ry z\u0142o\u017cy wniosek za Ciebie nie czekaj i skontaktuj si\u0119 z nami.<\/p>\n\n\n\n<ol start=\"2\" class=\"wp-block-list\">\n<li class=\"has-large-font-size\"><strong>Czyste Powietrze<\/strong><\/li>\n<\/ol>\n\n\n\n<p class=\"has-medium-font-size\">Czyste Powietrze to program priorytetowy, kt\u00f3rego celem jest poprawa efektywno\u015bci energetycznej budynk\u00f3w oraz jako\u015bci powietrza. Beneficjentami s\u0105 w\u0142a\u015bciciele b\u0105d\u017a<\/p>\n\n\n\n<p class=\"has-medium-font-size\">wsp\u00f3\u0142w\u0142a\u015bciciele budynk\u00f3w, kt\u00f3rzy wymieniaj\u0105 stare nieefektywne \u017ar\u00f3d\u0142o ciep\u0142a oraz dokonuj\u0105 termomodernizacji budynku. W programie wyst\u0119puj\u0105 trzy progi dotycz\u0105ce wysoko\u015bci dotacji uzale\u017cnione od dochod\u00f3w. Im ni\u017cszy doch\u00f3d na osob\u0119, tym wy\u017csza dotacja. Maksymalna kwota wsparcia przy wymianie \u017ar\u00f3d\u0142a ciep\u0142a i termomodernizacji budynku to a\u017c 170 100 z\u0142otych, a warunkiem skorzystania z dofinansowania jest wykonanie audytu energetycznego.<\/p>\n\n\n\n<p class=\"has-medium-font-size\">Je\u015bli chcesz dowiedzie\u0107 si\u0119 wi\u0119cej lub szukasz audytora energetycznego nie czekaj i skontaktuj si\u0119 z nami.<\/p>\n\n\n\n<ol start=\"3\" class=\"wp-block-list\">\n<li class=\"has-large-font-size\"><strong>Moje Ciep\u0142o<\/strong><\/li>\n<\/ol>\n\n\n\n<p class=\"has-medium-font-size\">Moje Ciep\u0142o to kolejny z program\u00f3w, dzi\u0119ki kt\u00f3remu mo\u017cemy uzyska\u0107 wsparcie finansowe, decyduj\u0105c si\u0119 na odnawialne \u017ar\u00f3d\u0142o energii w swoim domu. Program ten skierowany jest do<\/p>\n\n\n\n<p class=\"has-medium-font-size\">w\u0142a\u015bcicieli nowych budynk\u00f3w jednorodzinnych, kt\u00f3rzy zamontowali pomp\u0119 ciep\u0142a gruntow\u0105 (maksymalna kwota dotacji 21 000 z\u0142) lub powietrzn\u0105 (maksymalna kwota dotacji 7000 z\u0142). Aby m\u00f3c skorzysta\u0107 ze \u015brodk\u00f3w w ramach programu Moje Ciep\u0142o nale\u017cy przede wszystkim posiada\u0107 \u015bwiadectwo charakterystyki energetycznej budynku, a w nim warto\u015b\u0107 energii pierwotnej (EP) nie mo\u017ce przekroczy\u0107 55 kWh\/m<sup>2<\/sup>*rok.<\/p>\n\n\n\n<p class=\"has-medium-font-size\"><strong>Je\u015bli chcesz dowiedzie\u0107 si\u0119 wi\u0119cej lub szukasz doradcy, kt\u00f3ry z\u0142o\u017cy wniosek za Ciebie nie czekaj i skontaktuj si\u0119 z nami.<\/strong><\/p>\n\n\n\n<figure class=\"wp-block-image size-full is-resized\"><img loading=\"lazy\" decoding=\"async\" width=\"791\" height=\"476\" src=\"https:\/\/jawnaenergia.pl\/wp-content\/uploads\/2025\/10\/WIZYTOWKA-1.jpg\" alt=\"\" class=\"wp-image-251\" style=\"width:555px;height:334px\" srcset=\"https:\/\/jawnaenergia.pl\/wp-content\/uploads\/2025\/10\/WIZYTOWKA-1.jpg 791w, https:\/\/jawnaenergia.pl\/wp-content\/uploads\/2025\/10\/WIZYTOWKA-1-300x181.jpg 300w, https:\/\/jawnaenergia.pl\/wp-content\/uploads\/2025\/10\/WIZYTOWKA-1-768x462.jpg 768w\" sizes=\"auto, (max-width: 791px) 100vw, 791px\" \/><\/figure>\n\n\n\n<p><\/p>\n","protected":false},"excerpt":{"rendered":"<p>M\u00f3j Pr\u0105d to program dla os\u00f3b fizycznych, kt\u00f3re przy\u0142\u0105czaj\u0105 mikroistalacj\u0119 fotowoltaiczn\u0105 od 2 kWp do 10 kWp oraz podpisuj\u0105 umow\u0119 prosumenck\u0105 z zak\u0142adem energetycznym. Dotacja z\u0142o\u017cona jest z kilku sk\u0142adowych: [&hellip;]<\/p>\n","protected":false},"author":1,"featured_media":0,"parent":0,"menu_order":0,"comment_status":"closed","ping_status":"closed","template":"","meta":{"om_disable_all_campaigns":false,"_monsterinsights_skip_tracking":false,"_monsterinsights_sitenote_active":false,"_monsterinsights_sitenote_note":"","_monsterinsights_sitenote_category":0,"footnotes":""},"class_list":["post-19","page","type-page","status-publish","hentry"],"yoast_head":"<!-- This site is optimized with the Yoast SEO plugin v27.4 - https:\/\/yoast.com\/product\/yoast-seo-wordpress\/ -->\n<title>DOTACJE - Jawna Energia<\/title>\n<meta name=\"robots\" content=\"index, follow, max-snippet:-1, max-image-preview:large, max-video-preview:-1\" \/>\n<link rel=\"canonical\" href=\"https:\/\/jawnaenergia.pl\/index.php\/dotacje\/\" \/>\n<meta property=\"og:locale\" content=\"pl_PL\" \/>\n<meta property=\"og:type\" content=\"article\" \/>\n<meta property=\"og:title\" content=\"DOTACJE - Jawna Energia\" \/>\n<meta property=\"og:description\" content=\"M\u00f3j Pr\u0105d to program dla os\u00f3b fizycznych, kt\u00f3re przy\u0142\u0105czaj\u0105 mikroistalacj\u0119 fotowoltaiczn\u0105 od 2 kWp do 10 kWp oraz podpisuj\u0105 umow\u0119 prosumenck\u0105 z zak\u0142adem energetycznym. Dotacja z\u0142o\u017cona jest z kilku sk\u0142adowych: [&hellip;]\" \/>\n<meta property=\"og:url\" content=\"https:\/\/jawnaenergia.pl\/index.php\/dotacje\/\" \/>\n<meta property=\"og:site_name\" content=\"Jawna Energia\" \/>\n<meta property=\"article:modified_time\" content=\"2026-02-11T19:08:18+00:00\" \/>\n<meta property=\"og:image\" content=\"https:\/\/jawnaenergia.pl\/wp-content\/uploads\/2025\/10\/WIZYTOWKA-1.jpg\" \/>\n\t<meta property=\"og:image:width\" content=\"791\" \/>\n\t<meta property=\"og:image:height\" content=\"476\" \/>\n\t<meta property=\"og:image:type\" content=\"image\/jpeg\" \/>\n<meta name=\"twitter:card\" content=\"summary_large_image\" \/>\n<meta name=\"twitter:label1\" content=\"Szacowany czas czytania\" \/>\n\t<meta name=\"twitter:data1\" content=\"2 minuty\" \/>\n<script type=\"application\/ld+json\" class=\"yoast-schema-graph\">{\"@context\":\"https:\\\/\\\/schema.org\",\"@graph\":[{\"@type\":\"WebPage\",\"@id\":\"https:\\\/\\\/jawnaenergia.pl\\\/index.php\\\/dotacje\\\/\",\"url\":\"https:\\\/\\\/jawnaenergia.pl\\\/index.php\\\/dotacje\\\/\",\"name\":\"DOTACJE - Jawna Energia\",\"isPartOf\":{\"@id\":\"https:\\\/\\\/jawnaenergia.pl\\\/#website\"},\"primaryImageOfPage\":{\"@id\":\"https:\\\/\\\/jawnaenergia.pl\\\/index.php\\\/dotacje\\\/#primaryimage\"},\"image\":{\"@id\":\"https:\\\/\\\/jawnaenergia.pl\\\/index.php\\\/dotacje\\\/#primaryimage\"},\"thumbnailUrl\":\"https:\\\/\\\/jawnaenergia.pl\\\/wp-content\\\/uploads\\\/2025\\\/10\\\/WIZYTOWKA-1.jpg\",\"datePublished\":\"2022-12-08T21:13:42+00:00\",\"dateModified\":\"2026-02-11T19:08:18+00:00\",\"breadcrumb\":{\"@id\":\"https:\\\/\\\/jawnaenergia.pl\\\/index.php\\\/dotacje\\\/#breadcrumb\"},\"inLanguage\":\"pl-PL\",\"potentialAction\":[{\"@type\":\"ReadAction\",\"target\":[\"https:\\\/\\\/jawnaenergia.pl\\\/index.php\\\/dotacje\\\/\"]}]},{\"@type\":\"ImageObject\",\"inLanguage\":\"pl-PL\",\"@id\":\"https:\\\/\\\/jawnaenergia.pl\\\/index.php\\\/dotacje\\\/#primaryimage\",\"url\":\"https:\\\/\\\/jawnaenergia.pl\\\/wp-content\\\/uploads\\\/2025\\\/10\\\/WIZYTOWKA-1.jpg\",\"contentUrl\":\"https:\\\/\\\/jawnaenergia.pl\\\/wp-content\\\/uploads\\\/2025\\\/10\\\/WIZYTOWKA-1.jpg\",\"width\":791,\"height\":476},{\"@type\":\"BreadcrumbList\",\"@id\":\"https:\\\/\\\/jawnaenergia.pl\\\/index.php\\\/dotacje\\\/#breadcrumb\",\"itemListElement\":[{\"@type\":\"ListItem\",\"position\":1,\"name\":\"Strona g\u0142\u00f3wna\",\"item\":\"https:\\\/\\\/jawnaenergia.pl\\\/\"},{\"@type\":\"ListItem\",\"position\":2,\"name\":\"DOTACJE\"}]},{\"@type\":\"WebSite\",\"@id\":\"https:\\\/\\\/jawnaenergia.pl\\\/#website\",\"url\":\"https:\\\/\\\/jawnaenergia.pl\\\/\",\"name\":\"Jawna Energia\",\"description\":\"Doradztwo energetyczne\",\"potentialAction\":[{\"@type\":\"SearchAction\",\"target\":{\"@type\":\"EntryPoint\",\"urlTemplate\":\"https:\\\/\\\/jawnaenergia.pl\\\/?s={search_term_string}\"},\"query-input\":{\"@type\":\"PropertyValueSpecification\",\"valueRequired\":true,\"valueName\":\"search_term_string\"}}],\"inLanguage\":\"pl-PL\"}]}<\/script>\n<!-- \/ Yoast SEO plugin. -->","yoast_head_json":{"title":"DOTACJE - Jawna Energia","robots":{"index":"index","follow":"follow","max-snippet":"max-snippet:-1","max-image-preview":"max-image-preview:large","max-video-preview":"max-video-preview:-1"},"canonical":"https:\/\/jawnaenergia.pl\/index.php\/dotacje\/","og_locale":"pl_PL","og_type":"article","og_title":"DOTACJE - Jawna Energia","og_description":"M\u00f3j Pr\u0105d to program dla os\u00f3b fizycznych, kt\u00f3re przy\u0142\u0105czaj\u0105 mikroistalacj\u0119 fotowoltaiczn\u0105 od 2 kWp do 10 kWp oraz podpisuj\u0105 umow\u0119 prosumenck\u0105 z zak\u0142adem energetycznym. Dotacja z\u0142o\u017cona jest z kilku sk\u0142adowych: [&hellip;]","og_url":"https:\/\/jawnaenergia.pl\/index.php\/dotacje\/","og_site_name":"Jawna Energia","article_modified_time":"2026-02-11T19:08:18+00:00","og_image":[{"width":791,"height":476,"url":"https:\/\/jawnaenergia.pl\/wp-content\/uploads\/2025\/10\/WIZYTOWKA-1.jpg","type":"image\/jpeg"}],"twitter_card":"summary_large_image","twitter_misc":{"Szacowany czas czytania":"2 minuty"},"schema":{"@context":"https:\/\/schema.org","@graph":[{"@type":"WebPage","@id":"https:\/\/jawnaenergia.pl\/index.php\/dotacje\/","url":"https:\/\/jawnaenergia.pl\/index.php\/dotacje\/","name":"DOTACJE - Jawna Energia","isPartOf":{"@id":"https:\/\/jawnaenergia.pl\/#website"},"primaryImageOfPage":{"@id":"https:\/\/jawnaenergia.pl\/index.php\/dotacje\/#primaryimage"},"image":{"@id":"https:\/\/jawnaenergia.pl\/index.php\/dotacje\/#primaryimage"},"thumbnailUrl":"https:\/\/jawnaenergia.pl\/wp-content\/uploads\/2025\/10\/WIZYTOWKA-1.jpg","datePublished":"2022-12-08T21:13:42+00:00","dateModified":"2026-02-11T19:08:18+00:00","breadcrumb":{"@id":"https:\/\/jawnaenergia.pl\/index.php\/dotacje\/#breadcrumb"},"inLanguage":"pl-PL","potentialAction":[{"@type":"ReadAction","target":["https:\/\/jawnaenergia.pl\/index.php\/dotacje\/"]}]},{"@type":"ImageObject","inLanguage":"pl-PL","@id":"https:\/\/jawnaenergia.pl\/index.php\/dotacje\/#primaryimage","url":"https:\/\/jawnaenergia.pl\/wp-content\/uploads\/2025\/10\/WIZYTOWKA-1.jpg","contentUrl":"https:\/\/jawnaenergia.pl\/wp-content\/uploads\/2025\/10\/WIZYTOWKA-1.jpg","width":791,"height":476},{"@type":"BreadcrumbList","@id":"https:\/\/jawnaenergia.pl\/index.php\/dotacje\/#breadcrumb","itemListElement":[{"@type":"ListItem","position":1,"name":"Strona g\u0142\u00f3wna","item":"https:\/\/jawnaenergia.pl\/"},{"@type":"ListItem","position":2,"name":"DOTACJE"}]},{"@type":"WebSite","@id":"https:\/\/jawnaenergia.pl\/#website","url":"https:\/\/jawnaenergia.pl\/","name":"Jawna Energia","description":"Doradztwo energetyczne","potentialAction":[{"@type":"SearchAction","target":{"@type":"EntryPoint","urlTemplate":"https:\/\/jawnaenergia.pl\/?s={search_term_string}"},"query-input":{"@type":"PropertyValueSpecification","valueRequired":true,"valueName":"search_term_string"}}],"inLanguage":"pl-PL"}]}},"_hostinger_reach_plugin_has_subscription_block":false,"_hostinger_reach_plugin_is_elementor":false,"_links":{"self":[{"href":"https:\/\/jawnaenergia.pl\/index.php\/wp-json\/wp\/v2\/pages\/19","targetHints":{"allow":["GET"]}}],"collection":[{"href":"https:\/\/jawnaenergia.pl\/index.php\/wp-json\/wp\/v2\/pages"}],"about":[{"href":"https:\/\/jawnaenergia.pl\/index.php\/wp-json\/wp\/v2\/types\/page"}],"author":[{"embeddable":true,"href":"https:\/\/jawnaenergia.pl\/index.php\/wp-json\/wp\/v2\/users\/1"}],"replies":[{"embeddable":true,"href":"https:\/\/jawnaenergia.pl\/index.php\/wp-json\/wp\/v2\/comments?post=19"}],"version-history":[{"count":5,"href":"https:\/\/jawnaenergia.pl\/index.php\/wp-json\/wp\/v2\/pages\/19\/revisions"}],"predecessor-version":[{"id":374,"href":"https:\/\/jawnaenergia.pl\/index.php\/wp-json\/wp\/v2\/pages\/19\/revisions\/374"}],"wp:attachment":[{"href":"https:\/\/jawnaenergia.pl\/index.php\/wp-json\/wp\/v2\/media?parent=19"}],"curies":[{"name":"wp","href":"https:\/\/api.w.org\/{rel}","templated":true}]}}