{"id":207,"date":"2025-09-30T14:11:34","date_gmt":"2025-09-30T13:11:34","guid":{"rendered":"https:\/\/jawnaenergia.pl\/?page_id=207"},"modified":"2025-09-30T16:57:26","modified_gmt":"2025-09-30T15:57:26","slug":"rekuperacja-scienna","status":"publish","type":"page","link":"https:\/\/jawnaenergia.pl\/index.php\/rekuperacja-scienna\/","title":{"rendered":"Rekuperacja \u015bcienna"},"content":{"rendered":"\n<p><\/p>\n\n\n\n<p><\/p>\n\n\n\n<p class=\"has-large-font-size\"><strong>Rekuperacja \u015bcienna<\/strong> \u2013 wentylacja mechaniczna z odzyskiem ciep\u0142a <\/p>\n\n\n\n<p class=\"has-large-font-size\">dla nowych i starych dom\u00f3w.<\/p>\n\n\n\n<p><\/p>\n\n\n\n<p class=\"has-medium-font-size\">Rekuperacja \u015bcienna to nowoczesna forma wentylacji mechanicznej z odzyskiem ciep\u0142a, kt\u00f3ra sprawdza si\u0119 zar\u00f3wno w nowych, jak i starszych budynkach. Dzi\u0119ki prostemu monta\u017cowi i wysokiej efektywno\u015bci energetycznej staje si\u0119 coraz popularniejszym rozwi\u0105zaniem w polskich domach.<\/p>\n\n\n\n<div style=\"height:54px\" aria-hidden=\"true\" class=\"wp-block-spacer\"><\/div>\n\n\n\n<h2 class=\"wp-block-heading has-large-font-size\">Co to jest rekuperacja \u015bcienna? <\/h2>\n\n\n\n<p class=\"has-medium-font-size\">Rekuperacja \u015bcienna (wentylacja decentralna) to urz\u0105dzenia montowane bezpo\u015brednio w \u015bcianach budynku. Ka\u017cde z nich dzia\u0142a niezale\u017cnie \u2013 pobiera \u015bwie\u017ce powietrze z zewn\u0105trz, oczyszcza je przez filtry i odzyskuje ciep\u0142o z powietrza usuwanego z pomieszczenia. Dzi\u0119ki temu w domu panuje sta\u0142y dop\u0142yw \u015bwie\u017cego, czystego powietrza bez strat energii.<\/p>\n\n\n\n<div style=\"height:70px\" aria-hidden=\"true\" class=\"wp-block-spacer\"><\/div>\n\n\n\n<figure class=\"wp-block-image size-large\"><img loading=\"lazy\" decoding=\"async\" width=\"1024\" height=\"378\" src=\"https:\/\/jawnaenergia.pl\/wp-content\/uploads\/2025\/09\/Rekuperacja-zasada-dzialania-1024x378.png\" alt=\"\" class=\"wp-image-217\" srcset=\"https:\/\/jawnaenergia.pl\/wp-content\/uploads\/2025\/09\/Rekuperacja-zasada-dzialania-1024x378.png 1024w, https:\/\/jawnaenergia.pl\/wp-content\/uploads\/2025\/09\/Rekuperacja-zasada-dzialania-300x111.png 300w, https:\/\/jawnaenergia.pl\/wp-content\/uploads\/2025\/09\/Rekuperacja-zasada-dzialania-768x284.png 768w, https:\/\/jawnaenergia.pl\/wp-content\/uploads\/2025\/09\/Rekuperacja-zasada-dzialania.png 1536w\" sizes=\"auto, (max-width: 1024px) 100vw, 1024px\" \/><\/figure>\n\n\n\n<div style=\"height:8px\" aria-hidden=\"true\" class=\"wp-block-spacer\"><\/div>\n\n\n\n<h2 class=\"wp-block-heading has-large-font-size\"><strong>Zalety rekuperacji \u015bciennej<\/strong><\/h2>\n\n\n\n<p class=\"has-medium-font-size\">-\u015awie\u017ce powietrze bez strat ciep\u0142a \u2013 odzysk energii nawet do 90%.<\/p>\n\n\n\n<p class=\"has-medium-font-size\">-Oszcz\u0119dno\u015b\u0107 na ogrzewaniu \u2013 mniejsze rachunki za energi\u0119.<\/p>\n\n\n\n<p class=\"has-medium-font-size\">-Zdrowy mikroklimat \u2013 eliminacja wilgoci, ple\u015bni i nieprzyjemnych zapach\u00f3w.<\/p>\n\n\n\n<p class=\"has-medium-font-size\">-Idealna do nowych i starych budynk\u00f3w \u2013 brak konieczno\u015bci prowadzenia kana\u0142\u00f3w wentylacyjnych.<\/p>\n\n\n\n<p class=\"has-medium-font-size\">-Czystsze powietrze w domu \u2013 filtry zatrzymuj\u0105 kurz, py\u0142ki i smog.<\/p>\n\n\n\n<p class=\"has-medium-font-size\">-\u0141atwy monta\u017c i cicha praca \u2013 komfort na co dzie\u0144.<\/p>\n\n\n\n<div style=\"height:53px\" aria-hidden=\"true\" class=\"wp-block-spacer\"><\/div>\n\n\n\n<h2 class=\"wp-block-heading has-large-font-size\"><strong>Rekuperacja \u015bcienna w nowym i starym budownictwie <\/strong><\/h2>\n\n\n\n<p class=\"has-medium-font-size\">W nowych domach rekuperacja \u015bcienna pozwala po\u0142\u0105czy\u0107 energooszcz\u0119dne technologie z nowoczesn\u0105 wentylacj\u0105 bez strat ciep\u0142a. <\/p>\n\n\n\n<p class=\"has-medium-font-size\">W starszych budynkach jest \u015bwietnym rozwi\u0105zaniem tam, gdzie wentylacja grawitacyjna jest niewystarczaj\u0105ca i prowadzi do wilgoci czy powstawania grzyba.<\/p>\n\n\n\n<div style=\"height:53px\" aria-hidden=\"true\" class=\"wp-block-spacer\"><\/div>\n\n\n\n<h2 class=\"wp-block-heading has-large-font-size\"><strong>Dotacja na rekuperacj\u0119 \u2013 program \u201eCzyste Powietrze\u201d <\/strong><\/h2>\n\n\n\n<p class=\"has-medium-font-size\">Monta\u017c rekuperacji \u015bciennej mo\u017cna dofinansowa\u0107 dzi\u0119ki programowi Czyste Powietrze: <strong>2 000 z\u0142<\/strong> dotacji na ka\u017cde urz\u0105dzenie, mo\u017cliwo\u015b\u0107 monta\u017cu nawet 8 rekuperator\u00f3w w jednym domu, \u0142\u0105czne wsparcie wynosz\u0105ce do <strong>16 000 z\u0142.<\/strong><\/p>\n\n\n\n<div style=\"height:46px\" aria-hidden=\"true\" class=\"wp-block-spacer\"><\/div>\n\n\n\n<h2 class=\"wp-block-heading has-large-font-size\"><strong>Dlaczego warto wybra\u0107 rekuperacj\u0119 \u015bcienn\u0105?<\/strong><\/h2>\n\n\n\n<p class=\"has-medium-font-size\">To inwestycja, kt\u00f3ra poprawia komfort \u017cycia, zdrowie domownik\u00f3w i obni\u017ca rachunki za energi\u0119. Dzi\u0119ki dotacjom z programu Czyste Powietrze monta\u017c rekuperacji \u015bciennej staje si\u0119 jeszcze bardziej op\u0142acalny \u2013 zar\u00f3wno w nowym, jak i w starszym domu.<\/p>\n\n\n\n<figure class=\"wp-block-image size-large\"><img loading=\"lazy\" decoding=\"async\" width=\"683\" height=\"1024\" src=\"https:\/\/jawnaenergia.pl\/wp-content\/uploads\/2025\/09\/redi11-bez-683x1024.png\" alt=\"\" class=\"wp-image-212\" srcset=\"https:\/\/jawnaenergia.pl\/wp-content\/uploads\/2025\/09\/redi11-bez-683x1024.png 683w, https:\/\/jawnaenergia.pl\/wp-content\/uploads\/2025\/09\/redi11-bez-200x300.png 200w, https:\/\/jawnaenergia.pl\/wp-content\/uploads\/2025\/09\/redi11-bez-768x1152.png 768w, https:\/\/jawnaenergia.pl\/wp-content\/uploads\/2025\/09\/redi11-bez.png 1024w\" sizes=\"auto, (max-width: 683px) 100vw, 683px\" \/><\/figure>\n","protected":false},"excerpt":{"rendered":"<p>Rekuperacja \u015bcienna \u2013 wentylacja mechaniczna z odzyskiem ciep\u0142a dla nowych i starych dom\u00f3w. Rekuperacja \u015bcienna to nowoczesna forma wentylacji mechanicznej z odzyskiem ciep\u0142a, kt\u00f3ra sprawdza si\u0119 zar\u00f3wno w nowych, jak [&hellip;]<\/p>\n","protected":false},"author":1,"featured_media":0,"parent":0,"menu_order":0,"comment_status":"closed","ping_status":"closed","template":"","meta":{"om_disable_all_campaigns":false,"_monsterinsights_skip_tracking":false,"_monsterinsights_sitenote_active":false,"_monsterinsights_sitenote_note":"","_monsterinsights_sitenote_category":0,"footnotes":""},"class_list":["post-207","page","type-page","status-publish","hentry"],"yoast_head":"<!-- This site is optimized with the Yoast SEO plugin v27.4 - https:\/\/yoast.com\/product\/yoast-seo-wordpress\/ -->\n<title>Rekuperacja \u015bcienna - Jawna Energia<\/title>\n<meta name=\"robots\" content=\"index, follow, max-snippet:-1, max-image-preview:large, max-video-preview:-1\" \/>\n<link rel=\"canonical\" href=\"https:\/\/jawnaenergia.pl\/index.php\/rekuperacja-scienna\/\" \/>\n<meta property=\"og:locale\" content=\"pl_PL\" \/>\n<meta property=\"og:type\" content=\"article\" \/>\n<meta property=\"og:title\" content=\"Rekuperacja \u015bcienna - Jawna Energia\" \/>\n<meta property=\"og:description\" content=\"Rekuperacja \u015bcienna \u2013 wentylacja mechaniczna z odzyskiem ciep\u0142a dla nowych i starych dom\u00f3w. Rekuperacja \u015bcienna to nowoczesna forma wentylacji mechanicznej z odzyskiem ciep\u0142a, kt\u00f3ra sprawdza si\u0119 zar\u00f3wno w nowych, jak [&hellip;]\" \/>\n<meta property=\"og:url\" content=\"https:\/\/jawnaenergia.pl\/index.php\/rekuperacja-scienna\/\" \/>\n<meta property=\"og:site_name\" content=\"Jawna Energia\" \/>\n<meta property=\"article:modified_time\" content=\"2025-09-30T15:57:26+00:00\" \/>\n<meta property=\"og:image\" content=\"https:\/\/jawnaenergia.pl\/wp-content\/uploads\/2025\/09\/Rekuperacja-zasada-dzialania-1024x378.png\" \/>\n<meta name=\"twitter:card\" content=\"summary_large_image\" \/>\n<meta name=\"twitter:label1\" content=\"Szacowany czas czytania\" \/>\n\t<meta name=\"twitter:data1\" content=\"2 minuty\" \/>\n<script type=\"application\/ld+json\" class=\"yoast-schema-graph\">{\"@context\":\"https:\\\/\\\/schema.org\",\"@graph\":[{\"@type\":\"WebPage\",\"@id\":\"https:\\\/\\\/jawnaenergia.pl\\\/index.php\\\/rekuperacja-scienna\\\/\",\"url\":\"https:\\\/\\\/jawnaenergia.pl\\\/index.php\\\/rekuperacja-scienna\\\/\",\"name\":\"Rekuperacja \u015bcienna - Jawna Energia\",\"isPartOf\":{\"@id\":\"https:\\\/\\\/jawnaenergia.pl\\\/#website\"},\"primaryImageOfPage\":{\"@id\":\"https:\\\/\\\/jawnaenergia.pl\\\/index.php\\\/rekuperacja-scienna\\\/#primaryimage\"},\"image\":{\"@id\":\"https:\\\/\\\/jawnaenergia.pl\\\/index.php\\\/rekuperacja-scienna\\\/#primaryimage\"},\"thumbnailUrl\":\"https:\\\/\\\/jawnaenergia.pl\\\/wp-content\\\/uploads\\\/2025\\\/09\\\/Rekuperacja-zasada-dzialania-1024x378.png\",\"datePublished\":\"2025-09-30T13:11:34+00:00\",\"dateModified\":\"2025-09-30T15:57:26+00:00\",\"breadcrumb\":{\"@id\":\"https:\\\/\\\/jawnaenergia.pl\\\/index.php\\\/rekuperacja-scienna\\\/#breadcrumb\"},\"inLanguage\":\"pl-PL\",\"potentialAction\":[{\"@type\":\"ReadAction\",\"target\":[\"https:\\\/\\\/jawnaenergia.pl\\\/index.php\\\/rekuperacja-scienna\\\/\"]}]},{\"@type\":\"ImageObject\",\"inLanguage\":\"pl-PL\",\"@id\":\"https:\\\/\\\/jawnaenergia.pl\\\/index.php\\\/rekuperacja-scienna\\\/#primaryimage\",\"url\":\"https:\\\/\\\/jawnaenergia.pl\\\/wp-content\\\/uploads\\\/2025\\\/09\\\/Rekuperacja-zasada-dzialania.png\",\"contentUrl\":\"https:\\\/\\\/jawnaenergia.pl\\\/wp-content\\\/uploads\\\/2025\\\/09\\\/Rekuperacja-zasada-dzialania.png\",\"width\":1536,\"height\":567},{\"@type\":\"BreadcrumbList\",\"@id\":\"https:\\\/\\\/jawnaenergia.pl\\\/index.php\\\/rekuperacja-scienna\\\/#breadcrumb\",\"itemListElement\":[{\"@type\":\"ListItem\",\"position\":1,\"name\":\"Strona g\u0142\u00f3wna\",\"item\":\"https:\\\/\\\/jawnaenergia.pl\\\/\"},{\"@type\":\"ListItem\",\"position\":2,\"name\":\"Rekuperacja \u015bcienna\"}]},{\"@type\":\"WebSite\",\"@id\":\"https:\\\/\\\/jawnaenergia.pl\\\/#website\",\"url\":\"https:\\\/\\\/jawnaenergia.pl\\\/\",\"name\":\"Jawna Energia\",\"description\":\"Doradztwo energetyczne\",\"potentialAction\":[{\"@type\":\"SearchAction\",\"target\":{\"@type\":\"EntryPoint\",\"urlTemplate\":\"https:\\\/\\\/jawnaenergia.pl\\\/?s={search_term_string}\"},\"query-input\":{\"@type\":\"PropertyValueSpecification\",\"valueRequired\":true,\"valueName\":\"search_term_string\"}}],\"inLanguage\":\"pl-PL\"}]}<\/script>\n<!-- \/ Yoast SEO plugin. -->","yoast_head_json":{"title":"Rekuperacja \u015bcienna - Jawna Energia","robots":{"index":"index","follow":"follow","max-snippet":"max-snippet:-1","max-image-preview":"max-image-preview:large","max-video-preview":"max-video-preview:-1"},"canonical":"https:\/\/jawnaenergia.pl\/index.php\/rekuperacja-scienna\/","og_locale":"pl_PL","og_type":"article","og_title":"Rekuperacja \u015bcienna - Jawna Energia","og_description":"Rekuperacja \u015bcienna \u2013 wentylacja mechaniczna z odzyskiem ciep\u0142a dla nowych i starych dom\u00f3w. Rekuperacja \u015bcienna to nowoczesna forma wentylacji mechanicznej z odzyskiem ciep\u0142a, kt\u00f3ra sprawdza si\u0119 zar\u00f3wno w nowych, jak [&hellip;]","og_url":"https:\/\/jawnaenergia.pl\/index.php\/rekuperacja-scienna\/","og_site_name":"Jawna Energia","article_modified_time":"2025-09-30T15:57:26+00:00","og_image":[{"url":"https:\/\/jawnaenergia.pl\/wp-content\/uploads\/2025\/09\/Rekuperacja-zasada-dzialania-1024x378.png","type":"","width":"","height":""}],"twitter_card":"summary_large_image","twitter_misc":{"Szacowany czas czytania":"2 minuty"},"schema":{"@context":"https:\/\/schema.org","@graph":[{"@type":"WebPage","@id":"https:\/\/jawnaenergia.pl\/index.php\/rekuperacja-scienna\/","url":"https:\/\/jawnaenergia.pl\/index.php\/rekuperacja-scienna\/","name":"Rekuperacja \u015bcienna - Jawna Energia","isPartOf":{"@id":"https:\/\/jawnaenergia.pl\/#website"},"primaryImageOfPage":{"@id":"https:\/\/jawnaenergia.pl\/index.php\/rekuperacja-scienna\/#primaryimage"},"image":{"@id":"https:\/\/jawnaenergia.pl\/index.php\/rekuperacja-scienna\/#primaryimage"},"thumbnailUrl":"https:\/\/jawnaenergia.pl\/wp-content\/uploads\/2025\/09\/Rekuperacja-zasada-dzialania-1024x378.png","datePublished":"2025-09-30T13:11:34+00:00","dateModified":"2025-09-30T15:57:26+00:00","breadcrumb":{"@id":"https:\/\/jawnaenergia.pl\/index.php\/rekuperacja-scienna\/#breadcrumb"},"inLanguage":"pl-PL","potentialAction":[{"@type":"ReadAction","target":["https:\/\/jawnaenergia.pl\/index.php\/rekuperacja-scienna\/"]}]},{"@type":"ImageObject","inLanguage":"pl-PL","@id":"https:\/\/jawnaenergia.pl\/index.php\/rekuperacja-scienna\/#primaryimage","url":"https:\/\/jawnaenergia.pl\/wp-content\/uploads\/2025\/09\/Rekuperacja-zasada-dzialania.png","contentUrl":"https:\/\/jawnaenergia.pl\/wp-content\/uploads\/2025\/09\/Rekuperacja-zasada-dzialania.png","width":1536,"height":567},{"@type":"BreadcrumbList","@id":"https:\/\/jawnaenergia.pl\/index.php\/rekuperacja-scienna\/#breadcrumb","itemListElement":[{"@type":"ListItem","position":1,"name":"Strona g\u0142\u00f3wna","item":"https:\/\/jawnaenergia.pl\/"},{"@type":"ListItem","position":2,"name":"Rekuperacja \u015bcienna"}]},{"@type":"WebSite","@id":"https:\/\/jawnaenergia.pl\/#website","url":"https:\/\/jawnaenergia.pl\/","name":"Jawna Energia","description":"Doradztwo energetyczne","potentialAction":[{"@type":"SearchAction","target":{"@type":"EntryPoint","urlTemplate":"https:\/\/jawnaenergia.pl\/?s={search_term_string}"},"query-input":{"@type":"PropertyValueSpecification","valueRequired":true,"valueName":"search_term_string"}}],"inLanguage":"pl-PL"}]}},"_hostinger_reach_plugin_has_subscription_block":false,"_hostinger_reach_plugin_is_elementor":false,"_links":{"self":[{"href":"https:\/\/jawnaenergia.pl\/index.php\/wp-json\/wp\/v2\/pages\/207","targetHints":{"allow":["GET"]}}],"collection":[{"href":"https:\/\/jawnaenergia.pl\/index.php\/wp-json\/wp\/v2\/pages"}],"about":[{"href":"https:\/\/jawnaenergia.pl\/index.php\/wp-json\/wp\/v2\/types\/page"}],"author":[{"embeddable":true,"href":"https:\/\/jawnaenergia.pl\/index.php\/wp-json\/wp\/v2\/users\/1"}],"replies":[{"embeddable":true,"href":"https:\/\/jawnaenergia.pl\/index.php\/wp-json\/wp\/v2\/comments?post=207"}],"version-history":[{"count":6,"href":"https:\/\/jawnaenergia.pl\/index.php\/wp-json\/wp\/v2\/pages\/207\/revisions"}],"predecessor-version":[{"id":222,"href":"https:\/\/jawnaenergia.pl\/index.php\/wp-json\/wp\/v2\/pages\/207\/revisions\/222"}],"wp:attachment":[{"href":"https:\/\/jawnaenergia.pl\/index.php\/wp-json\/wp\/v2\/media?parent=207"}],"curies":[{"name":"wp","href":"https:\/\/api.w.org\/{rel}","templated":true}]}}