{"id":39,"date":"2022-12-08T22:29:28","date_gmt":"2022-12-08T21:29:28","guid":{"rendered":"https:\/\/jawnaenergia.pl\/?page_id=39"},"modified":"2025-09-30T17:42:57","modified_gmt":"2025-09-30T16:42:57","slug":"doradztwo-energetyczne","status":"publish","type":"page","link":"https:\/\/jawnaenergia.pl\/index.php\/doradztwo-energetyczne\/","title":{"rendered":"Doradztwo energetyczne"},"content":{"rendered":"\n<div class=\"wp-block-columns is-layout-flex wp-container-core-columns-is-layout-9d6595d7 wp-block-columns-is-layout-flex\">\n<div class=\"wp-block-column is-layout-flow wp-block-column-is-layout-flow\">\n<p class=\"has-medium-font-size\">Doradztwo energetyczne ma na celu analiz\u0119 techniczno- ekonomiczn\u0105 danego budynku na podstawi\u0119 kt\u00f3rej inwestor otrzymuje raport dost\u0119pnych rozwi\u0105za\u0144. Naszym zadaniem jest u\u015bwiadomienie klientowi przed podj\u0119ciem decyzji o termomodernizacji lub zmianie \u017ar\u00f3d\u0142a ogrzewania zar\u00f3wno jakie zalety przedstawia analizowany system, ale r\u00f3wnie\u017c jakie ryzyko wi\u0105\u017ce si\u0119 z danym rozwi\u0105zaniem oraz w jaki spos\u00f3b mo\u017cna je zminimalizowa\u0107.<\/p>\n\n\n\n<p class=\"has-medium-font-size\">Ka\u017cdy budynek jest inny i do ka\u017cdego projektu podchodzimy indywidualnie. W ramach doradztwa energetycznego mo\u017cemy przygotowa\u0107 zestawienie r\u00f3\u017cnych \u017ar\u00f3de\u0142 ogrzewania wraz z szacunkowymi kosztami inwestycyjnymi oraz eksploatacyjnymi oraz mo\u017cliwo\u015bciami ich ograniczenia.<\/p>\n\n\n\n<p class=\"has-medium-font-size\">Z us\u0142ug mo\u017cna skorzysta\u0107 na r\u00f3\u017cnym etapie budowy: zar\u00f3wno dla budynk\u00f3w b\u0119d\u0105cych w trakcie lub przed termomodernizacj\u0105, jak i dla nowo powstaj\u0105cych dom\u00f3w.<\/p>\n\n\n\n<p class=\"has-medium-font-size\">Posiadamy r\u00f3wnie\u017c bardzo szeroki zakres us\u0142ug. To od inwestora zale\u017cy czy chce dobra\u0107 moc urz\u0105dzenia grzewczego lub instalacji fotowoltaicznej, por\u00f3wna\u0107 otrzymane oferty przez niezale\u017cnego eksperta, wykona\u0107 \u015awiadectwo charakterystyki energetycznej budynku lub jego cz\u0119\u015bci czy dokona\u0107 audytu termomodernizacyjnego budynku \u0142\u0105cznie z badaniem kamer\u0105 termowizyjn\u0105.<\/p>\n\n\n\n<p class=\"has-medium-font-size\">Je\u015bli jeste\u015b zainteresowany profesjonalnym doradztwem energetycznym zach\u0119camy do kontaktu.<\/p>\n<\/div>\n\n\n\n<div class=\"wp-block-column is-layout-flow wp-block-column-is-layout-flow\">\n<figure class=\"wp-block-image size-full\"><img loading=\"lazy\" decoding=\"async\" width=\"734\" height=\"708\" src=\"https:\/\/jawnaenergia.pl\/wp-content\/uploads\/2022\/12\/audyt.jpg\" alt=\"\" class=\"wp-image-106\" srcset=\"https:\/\/jawnaenergia.pl\/wp-content\/uploads\/2022\/12\/audyt.jpg 734w, https:\/\/jawnaenergia.pl\/wp-content\/uploads\/2022\/12\/audyt-300x289.jpg 300w\" sizes=\"auto, (max-width: 734px) 100vw, 734px\" \/><\/figure>\n<\/div>\n<\/div>\n","protected":false},"excerpt":{"rendered":"<p>Doradztwo energetyczne ma na celu analiz\u0119 techniczno- ekonomiczn\u0105 danego budynku na podstawi\u0119 kt\u00f3rej inwestor otrzymuje raport dost\u0119pnych rozwi\u0105za\u0144. Naszym zadaniem jest u\u015bwiadomienie klientowi przed podj\u0119ciem decyzji o termomodernizacji lub zmianie [&hellip;]<\/p>\n","protected":false},"author":1,"featured_media":0,"parent":0,"menu_order":0,"comment_status":"closed","ping_status":"closed","template":"","meta":{"om_disable_all_campaigns":false,"_monsterinsights_skip_tracking":false,"_monsterinsights_sitenote_active":false,"_monsterinsights_sitenote_note":"","_monsterinsights_sitenote_category":0,"footnotes":""},"class_list":["post-39","page","type-page","status-publish","hentry"],"yoast_head":"<!-- This site is optimized with the Yoast SEO plugin v27.4 - https:\/\/yoast.com\/product\/yoast-seo-wordpress\/ -->\n<title>Doradztwo energetyczne - Jawna Energia<\/title>\n<meta name=\"robots\" content=\"index, follow, max-snippet:-1, max-image-preview:large, max-video-preview:-1\" \/>\n<link rel=\"canonical\" href=\"https:\/\/jawnaenergia.pl\/index.php\/doradztwo-energetyczne\/\" \/>\n<meta property=\"og:locale\" content=\"pl_PL\" \/>\n<meta property=\"og:type\" content=\"article\" \/>\n<meta property=\"og:title\" content=\"Doradztwo energetyczne - Jawna Energia\" \/>\n<meta property=\"og:description\" content=\"Doradztwo energetyczne ma na celu analiz\u0119 techniczno- ekonomiczn\u0105 danego budynku na podstawi\u0119 kt\u00f3rej inwestor otrzymuje raport dost\u0119pnych rozwi\u0105za\u0144. Naszym zadaniem jest u\u015bwiadomienie klientowi przed podj\u0119ciem decyzji o termomodernizacji lub zmianie [&hellip;]\" \/>\n<meta property=\"og:url\" content=\"https:\/\/jawnaenergia.pl\/index.php\/doradztwo-energetyczne\/\" \/>\n<meta property=\"og:site_name\" content=\"Jawna Energia\" \/>\n<meta property=\"article:modified_time\" content=\"2025-09-30T16:42:57+00:00\" \/>\n<meta property=\"og:image\" content=\"https:\/\/jawnaenergia.pl\/wp-content\/uploads\/2022\/12\/audyt.jpg\" \/>\n<meta name=\"twitter:card\" content=\"summary_large_image\" \/>\n<meta name=\"twitter:label1\" content=\"Szacowany czas czytania\" \/>\n\t<meta name=\"twitter:data1\" content=\"1 minuta\" \/>\n<script type=\"application\/ld+json\" class=\"yoast-schema-graph\">{\"@context\":\"https:\\\/\\\/schema.org\",\"@graph\":[{\"@type\":\"WebPage\",\"@id\":\"https:\\\/\\\/jawnaenergia.pl\\\/index.php\\\/doradztwo-energetyczne\\\/\",\"url\":\"https:\\\/\\\/jawnaenergia.pl\\\/index.php\\\/doradztwo-energetyczne\\\/\",\"name\":\"Doradztwo energetyczne - Jawna Energia\",\"isPartOf\":{\"@id\":\"https:\\\/\\\/jawnaenergia.pl\\\/#website\"},\"primaryImageOfPage\":{\"@id\":\"https:\\\/\\\/jawnaenergia.pl\\\/index.php\\\/doradztwo-energetyczne\\\/#primaryimage\"},\"image\":{\"@id\":\"https:\\\/\\\/jawnaenergia.pl\\\/index.php\\\/doradztwo-energetyczne\\\/#primaryimage\"},\"thumbnailUrl\":\"https:\\\/\\\/jawnaenergia.pl\\\/wp-content\\\/uploads\\\/2022\\\/12\\\/audyt.jpg\",\"datePublished\":\"2022-12-08T21:29:28+00:00\",\"dateModified\":\"2025-09-30T16:42:57+00:00\",\"breadcrumb\":{\"@id\":\"https:\\\/\\\/jawnaenergia.pl\\\/index.php\\\/doradztwo-energetyczne\\\/#breadcrumb\"},\"inLanguage\":\"pl-PL\",\"potentialAction\":[{\"@type\":\"ReadAction\",\"target\":[\"https:\\\/\\\/jawnaenergia.pl\\\/index.php\\\/doradztwo-energetyczne\\\/\"]}]},{\"@type\":\"ImageObject\",\"inLanguage\":\"pl-PL\",\"@id\":\"https:\\\/\\\/jawnaenergia.pl\\\/index.php\\\/doradztwo-energetyczne\\\/#primaryimage\",\"url\":\"https:\\\/\\\/jawnaenergia.pl\\\/wp-content\\\/uploads\\\/2022\\\/12\\\/audyt.jpg\",\"contentUrl\":\"https:\\\/\\\/jawnaenergia.pl\\\/wp-content\\\/uploads\\\/2022\\\/12\\\/audyt.jpg\",\"width\":734,\"height\":708},{\"@type\":\"BreadcrumbList\",\"@id\":\"https:\\\/\\\/jawnaenergia.pl\\\/index.php\\\/doradztwo-energetyczne\\\/#breadcrumb\",\"itemListElement\":[{\"@type\":\"ListItem\",\"position\":1,\"name\":\"Strona g\u0142\u00f3wna\",\"item\":\"https:\\\/\\\/jawnaenergia.pl\\\/\"},{\"@type\":\"ListItem\",\"position\":2,\"name\":\"Doradztwo energetyczne\"}]},{\"@type\":\"WebSite\",\"@id\":\"https:\\\/\\\/jawnaenergia.pl\\\/#website\",\"url\":\"https:\\\/\\\/jawnaenergia.pl\\\/\",\"name\":\"Jawna Energia\",\"description\":\"Doradztwo energetyczne\",\"potentialAction\":[{\"@type\":\"SearchAction\",\"target\":{\"@type\":\"EntryPoint\",\"urlTemplate\":\"https:\\\/\\\/jawnaenergia.pl\\\/?s={search_term_string}\"},\"query-input\":{\"@type\":\"PropertyValueSpecification\",\"valueRequired\":true,\"valueName\":\"search_term_string\"}}],\"inLanguage\":\"pl-PL\"}]}<\/script>\n<!-- \/ Yoast SEO plugin. -->","yoast_head_json":{"title":"Doradztwo energetyczne - Jawna Energia","robots":{"index":"index","follow":"follow","max-snippet":"max-snippet:-1","max-image-preview":"max-image-preview:large","max-video-preview":"max-video-preview:-1"},"canonical":"https:\/\/jawnaenergia.pl\/index.php\/doradztwo-energetyczne\/","og_locale":"pl_PL","og_type":"article","og_title":"Doradztwo energetyczne - Jawna Energia","og_description":"Doradztwo energetyczne ma na celu analiz\u0119 techniczno- ekonomiczn\u0105 danego budynku na podstawi\u0119 kt\u00f3rej inwestor otrzymuje raport dost\u0119pnych rozwi\u0105za\u0144. Naszym zadaniem jest u\u015bwiadomienie klientowi przed podj\u0119ciem decyzji o termomodernizacji lub zmianie [&hellip;]","og_url":"https:\/\/jawnaenergia.pl\/index.php\/doradztwo-energetyczne\/","og_site_name":"Jawna Energia","article_modified_time":"2025-09-30T16:42:57+00:00","og_image":[{"url":"https:\/\/jawnaenergia.pl\/wp-content\/uploads\/2022\/12\/audyt.jpg","type":"","width":"","height":""}],"twitter_card":"summary_large_image","twitter_misc":{"Szacowany czas czytania":"1 minuta"},"schema":{"@context":"https:\/\/schema.org","@graph":[{"@type":"WebPage","@id":"https:\/\/jawnaenergia.pl\/index.php\/doradztwo-energetyczne\/","url":"https:\/\/jawnaenergia.pl\/index.php\/doradztwo-energetyczne\/","name":"Doradztwo energetyczne - Jawna Energia","isPartOf":{"@id":"https:\/\/jawnaenergia.pl\/#website"},"primaryImageOfPage":{"@id":"https:\/\/jawnaenergia.pl\/index.php\/doradztwo-energetyczne\/#primaryimage"},"image":{"@id":"https:\/\/jawnaenergia.pl\/index.php\/doradztwo-energetyczne\/#primaryimage"},"thumbnailUrl":"https:\/\/jawnaenergia.pl\/wp-content\/uploads\/2022\/12\/audyt.jpg","datePublished":"2022-12-08T21:29:28+00:00","dateModified":"2025-09-30T16:42:57+00:00","breadcrumb":{"@id":"https:\/\/jawnaenergia.pl\/index.php\/doradztwo-energetyczne\/#breadcrumb"},"inLanguage":"pl-PL","potentialAction":[{"@type":"ReadAction","target":["https:\/\/jawnaenergia.pl\/index.php\/doradztwo-energetyczne\/"]}]},{"@type":"ImageObject","inLanguage":"pl-PL","@id":"https:\/\/jawnaenergia.pl\/index.php\/doradztwo-energetyczne\/#primaryimage","url":"https:\/\/jawnaenergia.pl\/wp-content\/uploads\/2022\/12\/audyt.jpg","contentUrl":"https:\/\/jawnaenergia.pl\/wp-content\/uploads\/2022\/12\/audyt.jpg","width":734,"height":708},{"@type":"BreadcrumbList","@id":"https:\/\/jawnaenergia.pl\/index.php\/doradztwo-energetyczne\/#breadcrumb","itemListElement":[{"@type":"ListItem","position":1,"name":"Strona g\u0142\u00f3wna","item":"https:\/\/jawnaenergia.pl\/"},{"@type":"ListItem","position":2,"name":"Doradztwo energetyczne"}]},{"@type":"WebSite","@id":"https:\/\/jawnaenergia.pl\/#website","url":"https:\/\/jawnaenergia.pl\/","name":"Jawna Energia","description":"Doradztwo energetyczne","potentialAction":[{"@type":"SearchAction","target":{"@type":"EntryPoint","urlTemplate":"https:\/\/jawnaenergia.pl\/?s={search_term_string}"},"query-input":{"@type":"PropertyValueSpecification","valueRequired":true,"valueName":"search_term_string"}}],"inLanguage":"pl-PL"}]}},"_hostinger_reach_plugin_has_subscription_block":false,"_hostinger_reach_plugin_is_elementor":false,"_links":{"self":[{"href":"https:\/\/jawnaenergia.pl\/index.php\/wp-json\/wp\/v2\/pages\/39","targetHints":{"allow":["GET"]}}],"collection":[{"href":"https:\/\/jawnaenergia.pl\/index.php\/wp-json\/wp\/v2\/pages"}],"about":[{"href":"https:\/\/jawnaenergia.pl\/index.php\/wp-json\/wp\/v2\/types\/page"}],"author":[{"embeddable":true,"href":"https:\/\/jawnaenergia.pl\/index.php\/wp-json\/wp\/v2\/users\/1"}],"replies":[{"embeddable":true,"href":"https:\/\/jawnaenergia.pl\/index.php\/wp-json\/wp\/v2\/comments?post=39"}],"version-history":[{"count":4,"href":"https:\/\/jawnaenergia.pl\/index.php\/wp-json\/wp\/v2\/pages\/39\/revisions"}],"predecessor-version":[{"id":230,"href":"https:\/\/jawnaenergia.pl\/index.php\/wp-json\/wp\/v2\/pages\/39\/revisions\/230"}],"wp:attachment":[{"href":"https:\/\/jawnaenergia.pl\/index.php\/wp-json\/wp\/v2\/media?parent=39"}],"curies":[{"name":"wp","href":"https:\/\/api.w.org\/{rel}","templated":true}]}}