{"id":43,"date":"2022-12-08T22:29:49","date_gmt":"2022-12-08T21:29:49","guid":{"rendered":"https:\/\/jawnaenergia.pl\/?page_id=43"},"modified":"2025-09-30T17:33:51","modified_gmt":"2025-09-30T16:33:51","slug":"swiadectwo-charakterystyki-energetycznej","status":"publish","type":"page","link":"https:\/\/jawnaenergia.pl\/index.php\/swiadectwo-charakterystyki-energetycznej\/","title":{"rendered":"\u015awiadectwo charakterystyki energetycznej"},"content":{"rendered":"\n<p><\/p>\n\n\n\n<p><\/p>\n\n\n\n<div class=\"wp-block-columns is-layout-flex wp-container-core-columns-is-layout-9d6595d7 wp-block-columns-is-layout-flex\">\n<div class=\"wp-block-column is-layout-flow wp-block-column-is-layout-flow\" style=\"flex-basis:33.33%\">\n<figure class=\"wp-block-image size-full\"><img loading=\"lazy\" decoding=\"async\" width=\"700\" height=\"364\" src=\"https:\/\/jawnaenergia.pl\/wp-content\/uploads\/2022\/12\/swiadectwo2.jpg\" alt=\"\" class=\"wp-image-135\" srcset=\"https:\/\/jawnaenergia.pl\/wp-content\/uploads\/2022\/12\/swiadectwo2.jpg 700w, https:\/\/jawnaenergia.pl\/wp-content\/uploads\/2022\/12\/swiadectwo2-300x156.jpg 300w\" sizes=\"auto, (max-width: 700px) 100vw, 700px\" \/><\/figure>\n<\/div>\n\n\n\n<div class=\"wp-block-column is-layout-flow wp-block-column-is-layout-flow\" style=\"flex-basis:66.66%\">\n<h2 class=\"wp-block-heading has-large-font-size\"><strong>\u015awiadectwo charakterystyki <\/strong><\/h2>\n\n\n\n<h2 class=\"wp-block-heading has-large-font-size\"><strong>energetycznej budynku \u2013 co to jest i <\/strong><\/h2>\n\n\n\n<h2 class=\"wp-block-heading has-large-font-size\"><strong>dlaczego jest potrzebne?<\/strong><\/h2>\n\n\n\n<p><\/p>\n\n\n\n<p><\/p>\n<\/div>\n<\/div>\n\n\n\n<p class=\"has-medium-font-size\">\u015awiadectwo charakterystyki energetycznej budynku (nazywane r\u00f3wnie\u017c certyfikatem energetycznym lub paszportem energetycznym) to dokument, kt\u00f3ry okre\u015bla zapotrzebowanie domu lub lokalu na energi\u0119 niezb\u0119dn\u0105 do ogrzewania, wentylacji, przygotowania ciep\u0142ej wody u\u017cytkowej, ch\u0142odzenia czy o\u015bwietlenia.<\/p>\n\n\n\n<div style=\"height:20px\" aria-hidden=\"true\" class=\"wp-block-spacer\"><\/div>\n\n\n\n<p class=\"has-medium-font-size\">\u015awiadectwo energetyczne jest wa\u017cne przez 10 lat od daty jego wystawienia, chyba \u017ce w tym czasie przeprowadzona zostanie termomodernizacja lub inne prace znacz\u0105co wp\u0142ywaj\u0105ce na zu\u017cycie energii \u2013 wtedy konieczne jest sporz\u0105dzenie nowego dokumentu.<\/p>\n\n\n\n<div style=\"height:30px\" aria-hidden=\"true\" class=\"wp-block-spacer\"><\/div>\n\n\n\n<h2 class=\"wp-block-heading has-large-font-size\"><strong>Co uwzgl\u0119dnia \u015bwiadectwo energetyczne?<\/strong><\/h2>\n\n\n\n<p class=\"has-medium-font-size\">Podczas sporz\u0105dzania \u015bwiadectwa charakterystyki energetycznej analizuje si\u0119 m.in.:<\/p>\n\n\n\n<p class=\"has-medium-font-size\">-parametry techniczne konstrukcji budynku (\u015bciany, dach, stolarka okienna i drzwiowa),<\/p>\n\n\n\n<p class=\"has-medium-font-size\">-instalacje grzewcze, wentylacyjne i ch\u0142odnicze,<\/p>\n\n\n\n<p class=\"has-medium-font-size\">-parametry techniczne \u017ar\u00f3d\u0142a ciep\u0142a zasilaj\u0105cego budynek lub jego cz\u0119\u015b\u0107.<\/p>\n\n\n\n<div style=\"height:24px\" aria-hidden=\"true\" class=\"wp-block-spacer\"><\/div>\n\n\n\n<div class=\"wp-block-columns is-layout-flex wp-container-core-columns-is-layout-9d6595d7 wp-block-columns-is-layout-flex\">\n<div class=\"wp-block-column is-layout-flow wp-block-column-is-layout-flow\"><div class=\"wp-block-image\">\n<figure class=\"alignright size-large is-resized\"><img loading=\"lazy\" decoding=\"async\" src=\"https:\/\/jawnaenergia.pl\/wp-content\/uploads\/2025\/09\/Projekt-bez-nazwy-2025-09-30T182508.802-1-1024x573.png\" alt=\"\" class=\"wp-image-226\" width=\"708\" height=\"395\" srcset=\"https:\/\/jawnaenergia.pl\/wp-content\/uploads\/2025\/09\/Projekt-bez-nazwy-2025-09-30T182508.802-1-1024x573.png 1024w, https:\/\/jawnaenergia.pl\/wp-content\/uploads\/2025\/09\/Projekt-bez-nazwy-2025-09-30T182508.802-1-300x168.png 300w, https:\/\/jawnaenergia.pl\/wp-content\/uploads\/2025\/09\/Projekt-bez-nazwy-2025-09-30T182508.802-1-768x430.png 768w, https:\/\/jawnaenergia.pl\/wp-content\/uploads\/2025\/09\/Projekt-bez-nazwy-2025-09-30T182508.802-1-1536x860.png 1536w, https:\/\/jawnaenergia.pl\/wp-content\/uploads\/2025\/09\/Projekt-bez-nazwy-2025-09-30T182508.802-1.png 1600w\" sizes=\"auto, (max-width: 708px) 100vw, 708px\" \/><\/figure>\n<\/div><\/div>\n\n\n\n<div class=\"wp-block-column is-layout-flow wp-block-column-is-layout-flow\">\n<p><\/p>\n\n\n\n<p><\/p>\n\n\n\n<p class=\"has-medium-font-size\">Dokument sporz\u0105dza si\u0119 przy u\u017cyciu centralnego rejestru charakterystyki energetycznej budynk\u00f3w. Mo\u017ce go wystawi\u0107 jedynie osoba z odpowiednimi uprawnieniami, wpisana do oficjalnego wykazu.<\/p>\n<\/div>\n<\/div>\n\n\n\n<h2 class=\"wp-block-heading has-large-font-size\"><strong>Kiedy potrzebne jest \u015bwiadectwo charakterystyki energetycznej?<\/strong><\/h2>\n\n\n\n<p class=\"has-medium-font-size\"> Przy ubieganiu si\u0119 o dotacje z programu Moje Ciep\u0142o \u2013 np. na pomp\u0119 ciep\u0142a. Wymagane jest spe\u0142nienie warunk\u00f3w dotycz\u0105cych maksymalnego zapotrzebowania na energi\u0119 pierwotn\u0105 (63 kWh\/m\u00b2\/rok dla wniosk\u00f3w sk\u0142adanych w 2022 roku, 55 kWh\/m\u00b2\/rok od 2023 roku). Dzi\u0119ki temu mo\u017cna otrzyma\u0107 dofinansowanie <strong>od 7 000 do 21 000 z\u0142.<\/strong><\/p>\n\n\n\n<p class=\"has-medium-font-size\">Od kwietnia 2023 roku posiadanie \u015bwiadectwa energetycznego jest obowi\u0105zkowe dla w\u0142a\u015bcicieli budynk\u00f3w powsta\u0142ych po 2009 roku. Brak dokumentu mo\u017ce skutkowa\u0107 <strong>kar\u0105 finansow\u0105 do 5 000 z\u0142<\/strong>. Do rozliczenia dotacji w programie Czyste Powietrze Dokument wymagany jest r\u00f3wnie\u017c przy sprzeda\u017cy lub wynajmie nieruchomo\u015bci.<\/p>\n\n\n\n<div style=\"height:58px\" aria-hidden=\"true\" class=\"wp-block-spacer\"><\/div>\n\n\n\n<div class=\"wp-block-columns is-layout-flex wp-container-core-columns-is-layout-9d6595d7 wp-block-columns-is-layout-flex\">\n<div class=\"wp-block-column is-layout-flow wp-block-column-is-layout-flow\">\n<h2 class=\"wp-block-heading has-large-font-size\"><strong>Dlaczego warto posiada\u0107<\/strong><\/h2>\n\n\n\n<h2 class=\"wp-block-heading has-large-font-size\"><strong> \u015bwiadectwo energetyczne? <\/strong><\/h2>\n\n\n\n<p class=\"has-medium-font-size\">-Jest niezb\u0119dne przy staraniu si\u0119 o dotacje i ulgi <strong>(np. Moje Ciep\u0142o, Czyste Powietrze).<\/strong><\/p>\n\n\n\n<p class=\"has-medium-font-size\">-Okre\u015bla realne koszty utrzymania budynku i pokazuje, gdzie mo\u017cna poprawi\u0107 jego efektywno\u015b\u0107 energetyczn\u0105. <\/p>\n\n\n\n<p class=\"has-medium-font-size\">-Pozwala zwi\u0119kszy\u0107 warto\u015b\u0107 nieruchomo\u015bci \u2013 \u015bwiadectwo jest dokumentem wymaganym przy sprzeda\u017cy i wynajmie. <\/p>\n\n\n\n<p class=\"has-medium-font-size\">-Chroni przed karami prawnymi zwi\u0105zanymi z nowelizacj\u0105 ustawy o charakterystyce energetycznej budynk\u00f3w.<\/p>\n<\/div>\n\n\n\n<div class=\"wp-block-column is-layout-flow wp-block-column-is-layout-flow\">\n<figure class=\"wp-block-image size-large\"><img loading=\"lazy\" decoding=\"async\" width=\"1024\" height=\"683\" src=\"https:\/\/jawnaenergia.pl\/wp-content\/uploads\/2025\/09\/ChatGPT-Image-30-wrz-2025-18_30_40-Picsart-BackgroundRemover-1024x683.png\" alt=\"\" class=\"wp-image-228\" srcset=\"https:\/\/jawnaenergia.pl\/wp-content\/uploads\/2025\/09\/ChatGPT-Image-30-wrz-2025-18_30_40-Picsart-BackgroundRemover-1024x683.png 1024w, https:\/\/jawnaenergia.pl\/wp-content\/uploads\/2025\/09\/ChatGPT-Image-30-wrz-2025-18_30_40-Picsart-BackgroundRemover-300x200.png 300w, https:\/\/jawnaenergia.pl\/wp-content\/uploads\/2025\/09\/ChatGPT-Image-30-wrz-2025-18_30_40-Picsart-BackgroundRemover-768x512.png 768w, https:\/\/jawnaenergia.pl\/wp-content\/uploads\/2025\/09\/ChatGPT-Image-30-wrz-2025-18_30_40-Picsart-BackgroundRemover.png 1228w\" sizes=\"auto, (max-width: 1024px) 100vw, 1024px\" \/><\/figure>\n<\/div>\n<\/div>\n\n\n\n<div style=\"height:34px\" aria-hidden=\"true\" class=\"wp-block-spacer\"><\/div>\n\n\n\n<h2 class=\"wp-block-heading has-large-font-size\"><strong>Potrzebujesz \u015bwiadectwa charakterystyki energetycznej <\/strong><\/h2>\n\n\n\n<h2 class=\"wp-block-heading has-large-font-size\"><strong>budynku?<\/strong><\/h2>\n\n\n\n<p><\/p>\n\n\n\n<p><\/p>\n\n\n\n<p class=\"has-medium-font-size\">Skontaktuj si\u0119 z nami \u2013 wykonujemy profesjonalne \u015bwiadectwa energetyczne szybko, rzetelnie i zgodnie z obowi\u0105zuj\u0105cymi przepisami.<\/p>\n\n\n\n<figure class=\"wp-block-image size-full\"><img loading=\"lazy\" decoding=\"async\" width=\"791\" height=\"476\" src=\"https:\/\/jawnaenergia.pl\/wp-content\/uploads\/2025\/09\/WIZYTOWKA-1.jpg\" alt=\"\" class=\"wp-image-224\" srcset=\"https:\/\/jawnaenergia.pl\/wp-content\/uploads\/2025\/09\/WIZYTOWKA-1.jpg 791w, https:\/\/jawnaenergia.pl\/wp-content\/uploads\/2025\/09\/WIZYTOWKA-1-300x181.jpg 300w, https:\/\/jawnaenergia.pl\/wp-content\/uploads\/2025\/09\/WIZYTOWKA-1-768x462.jpg 768w\" sizes=\"auto, (max-width: 791px) 100vw, 791px\" \/><\/figure>\n","protected":false},"excerpt":{"rendered":"<p>\u015awiadectwo charakterystyki energetycznej budynku \u2013 co to jest i dlaczego jest potrzebne? \u015awiadectwo charakterystyki energetycznej budynku (nazywane r\u00f3wnie\u017c certyfikatem energetycznym lub paszportem energetycznym) to dokument, kt\u00f3ry okre\u015bla zapotrzebowanie domu lub [&hellip;]<\/p>\n","protected":false},"author":1,"featured_media":0,"parent":0,"menu_order":0,"comment_status":"closed","ping_status":"closed","template":"","meta":{"om_disable_all_campaigns":false,"_monsterinsights_skip_tracking":false,"_monsterinsights_sitenote_active":false,"_monsterinsights_sitenote_note":"","_monsterinsights_sitenote_category":0,"footnotes":""},"class_list":["post-43","page","type-page","status-publish","hentry"],"yoast_head":"<!-- This site is optimized with the Yoast SEO plugin v27.4 - https:\/\/yoast.com\/product\/yoast-seo-wordpress\/ -->\n<title>\u015awiadectwo charakterystyki energetycznej - Jawna Energia<\/title>\n<meta name=\"robots\" content=\"index, follow, max-snippet:-1, max-image-preview:large, max-video-preview:-1\" \/>\n<link rel=\"canonical\" href=\"https:\/\/jawnaenergia.pl\/index.php\/swiadectwo-charakterystyki-energetycznej\/\" \/>\n<meta property=\"og:locale\" content=\"pl_PL\" \/>\n<meta property=\"og:type\" content=\"article\" \/>\n<meta property=\"og:title\" content=\"\u015awiadectwo charakterystyki energetycznej - Jawna Energia\" \/>\n<meta property=\"og:description\" content=\"\u015awiadectwo charakterystyki energetycznej budynku \u2013 co to jest i dlaczego jest potrzebne? \u015awiadectwo charakterystyki energetycznej budynku (nazywane r\u00f3wnie\u017c certyfikatem energetycznym lub paszportem energetycznym) to dokument, kt\u00f3ry okre\u015bla zapotrzebowanie domu lub [&hellip;]\" \/>\n<meta property=\"og:url\" content=\"https:\/\/jawnaenergia.pl\/index.php\/swiadectwo-charakterystyki-energetycznej\/\" \/>\n<meta property=\"og:site_name\" content=\"Jawna Energia\" \/>\n<meta property=\"article:modified_time\" content=\"2025-09-30T16:33:51+00:00\" \/>\n<meta property=\"og:image\" content=\"https:\/\/jawnaenergia.pl\/wp-content\/uploads\/2022\/12\/swiadectwo2.jpg\" \/>\n<meta name=\"twitter:card\" content=\"summary_large_image\" \/>\n<meta name=\"twitter:label1\" content=\"Szacowany czas czytania\" \/>\n\t<meta name=\"twitter:data1\" content=\"2 minuty\" \/>\n<script type=\"application\/ld+json\" class=\"yoast-schema-graph\">{\"@context\":\"https:\\\/\\\/schema.org\",\"@graph\":[{\"@type\":\"WebPage\",\"@id\":\"https:\\\/\\\/jawnaenergia.pl\\\/index.php\\\/swiadectwo-charakterystyki-energetycznej\\\/\",\"url\":\"https:\\\/\\\/jawnaenergia.pl\\\/index.php\\\/swiadectwo-charakterystyki-energetycznej\\\/\",\"name\":\"\u015awiadectwo charakterystyki energetycznej - Jawna Energia\",\"isPartOf\":{\"@id\":\"https:\\\/\\\/jawnaenergia.pl\\\/#website\"},\"primaryImageOfPage\":{\"@id\":\"https:\\\/\\\/jawnaenergia.pl\\\/index.php\\\/swiadectwo-charakterystyki-energetycznej\\\/#primaryimage\"},\"image\":{\"@id\":\"https:\\\/\\\/jawnaenergia.pl\\\/index.php\\\/swiadectwo-charakterystyki-energetycznej\\\/#primaryimage\"},\"thumbnailUrl\":\"https:\\\/\\\/jawnaenergia.pl\\\/wp-content\\\/uploads\\\/2022\\\/12\\\/swiadectwo2.jpg\",\"datePublished\":\"2022-12-08T21:29:49+00:00\",\"dateModified\":\"2025-09-30T16:33:51+00:00\",\"breadcrumb\":{\"@id\":\"https:\\\/\\\/jawnaenergia.pl\\\/index.php\\\/swiadectwo-charakterystyki-energetycznej\\\/#breadcrumb\"},\"inLanguage\":\"pl-PL\",\"potentialAction\":[{\"@type\":\"ReadAction\",\"target\":[\"https:\\\/\\\/jawnaenergia.pl\\\/index.php\\\/swiadectwo-charakterystyki-energetycznej\\\/\"]}]},{\"@type\":\"ImageObject\",\"inLanguage\":\"pl-PL\",\"@id\":\"https:\\\/\\\/jawnaenergia.pl\\\/index.php\\\/swiadectwo-charakterystyki-energetycznej\\\/#primaryimage\",\"url\":\"https:\\\/\\\/jawnaenergia.pl\\\/wp-content\\\/uploads\\\/2022\\\/12\\\/swiadectwo2.jpg\",\"contentUrl\":\"https:\\\/\\\/jawnaenergia.pl\\\/wp-content\\\/uploads\\\/2022\\\/12\\\/swiadectwo2.jpg\",\"width\":700,\"height\":364},{\"@type\":\"BreadcrumbList\",\"@id\":\"https:\\\/\\\/jawnaenergia.pl\\\/index.php\\\/swiadectwo-charakterystyki-energetycznej\\\/#breadcrumb\",\"itemListElement\":[{\"@type\":\"ListItem\",\"position\":1,\"name\":\"Strona g\u0142\u00f3wna\",\"item\":\"https:\\\/\\\/jawnaenergia.pl\\\/\"},{\"@type\":\"ListItem\",\"position\":2,\"name\":\"\u015awiadectwo charakterystyki energetycznej\"}]},{\"@type\":\"WebSite\",\"@id\":\"https:\\\/\\\/jawnaenergia.pl\\\/#website\",\"url\":\"https:\\\/\\\/jawnaenergia.pl\\\/\",\"name\":\"Jawna Energia\",\"description\":\"Doradztwo energetyczne\",\"potentialAction\":[{\"@type\":\"SearchAction\",\"target\":{\"@type\":\"EntryPoint\",\"urlTemplate\":\"https:\\\/\\\/jawnaenergia.pl\\\/?s={search_term_string}\"},\"query-input\":{\"@type\":\"PropertyValueSpecification\",\"valueRequired\":true,\"valueName\":\"search_term_string\"}}],\"inLanguage\":\"pl-PL\"}]}<\/script>\n<!-- \/ Yoast SEO plugin. -->","yoast_head_json":{"title":"\u015awiadectwo charakterystyki energetycznej - Jawna Energia","robots":{"index":"index","follow":"follow","max-snippet":"max-snippet:-1","max-image-preview":"max-image-preview:large","max-video-preview":"max-video-preview:-1"},"canonical":"https:\/\/jawnaenergia.pl\/index.php\/swiadectwo-charakterystyki-energetycznej\/","og_locale":"pl_PL","og_type":"article","og_title":"\u015awiadectwo charakterystyki energetycznej - Jawna Energia","og_description":"\u015awiadectwo charakterystyki energetycznej budynku \u2013 co to jest i dlaczego jest potrzebne? \u015awiadectwo charakterystyki energetycznej budynku (nazywane r\u00f3wnie\u017c certyfikatem energetycznym lub paszportem energetycznym) to dokument, kt\u00f3ry okre\u015bla zapotrzebowanie domu lub [&hellip;]","og_url":"https:\/\/jawnaenergia.pl\/index.php\/swiadectwo-charakterystyki-energetycznej\/","og_site_name":"Jawna Energia","article_modified_time":"2025-09-30T16:33:51+00:00","og_image":[{"url":"https:\/\/jawnaenergia.pl\/wp-content\/uploads\/2022\/12\/swiadectwo2.jpg","type":"","width":"","height":""}],"twitter_card":"summary_large_image","twitter_misc":{"Szacowany czas czytania":"2 minuty"},"schema":{"@context":"https:\/\/schema.org","@graph":[{"@type":"WebPage","@id":"https:\/\/jawnaenergia.pl\/index.php\/swiadectwo-charakterystyki-energetycznej\/","url":"https:\/\/jawnaenergia.pl\/index.php\/swiadectwo-charakterystyki-energetycznej\/","name":"\u015awiadectwo charakterystyki energetycznej - Jawna Energia","isPartOf":{"@id":"https:\/\/jawnaenergia.pl\/#website"},"primaryImageOfPage":{"@id":"https:\/\/jawnaenergia.pl\/index.php\/swiadectwo-charakterystyki-energetycznej\/#primaryimage"},"image":{"@id":"https:\/\/jawnaenergia.pl\/index.php\/swiadectwo-charakterystyki-energetycznej\/#primaryimage"},"thumbnailUrl":"https:\/\/jawnaenergia.pl\/wp-content\/uploads\/2022\/12\/swiadectwo2.jpg","datePublished":"2022-12-08T21:29:49+00:00","dateModified":"2025-09-30T16:33:51+00:00","breadcrumb":{"@id":"https:\/\/jawnaenergia.pl\/index.php\/swiadectwo-charakterystyki-energetycznej\/#breadcrumb"},"inLanguage":"pl-PL","potentialAction":[{"@type":"ReadAction","target":["https:\/\/jawnaenergia.pl\/index.php\/swiadectwo-charakterystyki-energetycznej\/"]}]},{"@type":"ImageObject","inLanguage":"pl-PL","@id":"https:\/\/jawnaenergia.pl\/index.php\/swiadectwo-charakterystyki-energetycznej\/#primaryimage","url":"https:\/\/jawnaenergia.pl\/wp-content\/uploads\/2022\/12\/swiadectwo2.jpg","contentUrl":"https:\/\/jawnaenergia.pl\/wp-content\/uploads\/2022\/12\/swiadectwo2.jpg","width":700,"height":364},{"@type":"BreadcrumbList","@id":"https:\/\/jawnaenergia.pl\/index.php\/swiadectwo-charakterystyki-energetycznej\/#breadcrumb","itemListElement":[{"@type":"ListItem","position":1,"name":"Strona g\u0142\u00f3wna","item":"https:\/\/jawnaenergia.pl\/"},{"@type":"ListItem","position":2,"name":"\u015awiadectwo charakterystyki energetycznej"}]},{"@type":"WebSite","@id":"https:\/\/jawnaenergia.pl\/#website","url":"https:\/\/jawnaenergia.pl\/","name":"Jawna Energia","description":"Doradztwo energetyczne","potentialAction":[{"@type":"SearchAction","target":{"@type":"EntryPoint","urlTemplate":"https:\/\/jawnaenergia.pl\/?s={search_term_string}"},"query-input":{"@type":"PropertyValueSpecification","valueRequired":true,"valueName":"search_term_string"}}],"inLanguage":"pl-PL"}]}},"_hostinger_reach_plugin_has_subscription_block":false,"_hostinger_reach_plugin_is_elementor":false,"_links":{"self":[{"href":"https:\/\/jawnaenergia.pl\/index.php\/wp-json\/wp\/v2\/pages\/43","targetHints":{"allow":["GET"]}}],"collection":[{"href":"https:\/\/jawnaenergia.pl\/index.php\/wp-json\/wp\/v2\/pages"}],"about":[{"href":"https:\/\/jawnaenergia.pl\/index.php\/wp-json\/wp\/v2\/types\/page"}],"author":[{"embeddable":true,"href":"https:\/\/jawnaenergia.pl\/index.php\/wp-json\/wp\/v2\/users\/1"}],"replies":[{"embeddable":true,"href":"https:\/\/jawnaenergia.pl\/index.php\/wp-json\/wp\/v2\/comments?post=43"}],"version-history":[{"count":3,"href":"https:\/\/jawnaenergia.pl\/index.php\/wp-json\/wp\/v2\/pages\/43\/revisions"}],"predecessor-version":[{"id":229,"href":"https:\/\/jawnaenergia.pl\/index.php\/wp-json\/wp\/v2\/pages\/43\/revisions\/229"}],"wp:attachment":[{"href":"https:\/\/jawnaenergia.pl\/index.php\/wp-json\/wp\/v2\/media?parent=43"}],"curies":[{"name":"wp","href":"https:\/\/api.w.org\/{rel}","templated":true}]}}