{"id":55,"date":"2022-12-08T22:33:22","date_gmt":"2022-12-08T21:33:22","guid":{"rendered":"https:\/\/jawnaenergia.pl\/?page_id=55"},"modified":"2025-09-30T18:08:51","modified_gmt":"2025-09-30T17:08:51","slug":"badanie-kamera-termowizyjna","status":"publish","type":"page","link":"https:\/\/jawnaenergia.pl\/index.php\/badanie-kamera-termowizyjna\/","title":{"rendered":"Badanie kamer\u0105 termowizyjn\u0105"},"content":{"rendered":"\n<div class=\"wp-block-columns is-layout-flex wp-container-core-columns-is-layout-9d6595d7 wp-block-columns-is-layout-flex\">\n<div class=\"wp-block-column is-layout-flow wp-block-column-is-layout-flow\" style=\"flex-basis:66.66%\">\n<p class=\"has-medium-font-size\">Kamera termowizyjna to urz\u0105dzenie dzia\u0142aj\u0105ce na zasadzie promieniowania podczerwonego, kt\u00f3rego intensywno\u015b\u0107 zale\u017cy od temperatury badanego obiektu.&nbsp;<\/p>\n\n\n\n<p><\/p>\n\n\n\n<p class=\"has-medium-font-size\">Celem badania kamer\u0105 jest ocena w jakim stanie jest izolacja budynku oraz dachu, by dzi\u0119ki temu wskaza\u0107 miejsca, kt\u00f3re s\u0105 zawilgocone, gdzie znajduj\u0105 si\u0119 mostki cieplne, czyli miejsca gdzie wyst\u0119puj\u0105 zwi\u0119kszone straty ciep\u0142a. <\/p>\n\n\n\n<p><\/p>\n\n\n\n<p class=\"has-medium-font-size\">Badanie kamer\u0105 termowizyjn\u0105 pozwala r\u00f3wnie\u017c wykrywa\u0107 nieszczelno\u015bci w instalacji centralnego ogrzewania i ciep\u0142ej wody u\u017cytkowej. Dzi\u0119ki temu inwestor jest w stanie podj\u0105\u0107 prac\u0119 zmniejszaj\u0105ce zapotrzebowanie na ciep\u0142o dla budynku, co przek\u0142ada si\u0119 na oszcz\u0119dno\u015bci\u0105, tak\u017ce ogranicza\u0107 ryzyko powstawania wilgoci wewn\u0105trz budynku.<\/p>\n\n\n\n<p><\/p>\n\n\n\n<p class=\"has-medium-font-size\">W wyniku badania kamer\u0105 termowizyjn\u0105 otrzymujemy raport stanu budynku wraz z jego analiz\u0105 oraz interpretacj\u0105 graficzn\u0105 w postaci termogram\u00f3w, czyli zapisu obrazu cieplnego. Na tej podstawie jednoznacznie mo\u017cemy okre\u015bli\u0107, przez kt\u00f3re obszary budynku nast\u0119puj\u0105 najwi\u0119ksze straty ciep\u0142a. Dzi\u0119ki temu mo\u017cna zastosowa\u0107 odpowiednie metody termoizolacyjne.<\/p>\n<\/div>\n\n\n\n<div class=\"wp-block-column is-layout-flow wp-block-column-is-layout-flow\" style=\"flex-basis:33.33%\">\n<figure class=\"wp-block-image size-large\"><img loading=\"lazy\" decoding=\"async\" width=\"643\" height=\"1024\" src=\"https:\/\/jawnaenergia.pl\/wp-content\/uploads\/2022\/12\/badanie_kamera-1-643x1024.jpg\" alt=\"\" class=\"wp-image-113\" srcset=\"https:\/\/jawnaenergia.pl\/wp-content\/uploads\/2022\/12\/badanie_kamera-1-643x1024.jpg 643w, https:\/\/jawnaenergia.pl\/wp-content\/uploads\/2022\/12\/badanie_kamera-1-188x300.jpg 188w, https:\/\/jawnaenergia.pl\/wp-content\/uploads\/2022\/12\/badanie_kamera-1.jpg 735w\" sizes=\"auto, (max-width: 643px) 100vw, 643px\" \/><\/figure>\n<\/div>\n<\/div>\n\n\n\n<div class=\"wp-block-columns is-layout-flex wp-container-core-columns-is-layout-9d6595d7 wp-block-columns-is-layout-flex\">\n<div class=\"wp-block-column is-layout-flow wp-block-column-is-layout-flow\"><div class=\"wp-block-image\">\n<figure class=\"aligncenter size-large\"><img loading=\"lazy\" decoding=\"async\" width=\"1024\" height=\"768\" src=\"https:\/\/jawnaenergia.pl\/wp-content\/uploads\/2022\/12\/badanie_kamera_3-1024x768.jpg\" alt=\"\" class=\"wp-image-114\" srcset=\"https:\/\/jawnaenergia.pl\/wp-content\/uploads\/2022\/12\/badanie_kamera_3-1024x768.jpg 1024w, https:\/\/jawnaenergia.pl\/wp-content\/uploads\/2022\/12\/badanie_kamera_3-300x225.jpg 300w, https:\/\/jawnaenergia.pl\/wp-content\/uploads\/2022\/12\/badanie_kamera_3-768x576.jpg 768w, https:\/\/jawnaenergia.pl\/wp-content\/uploads\/2022\/12\/badanie_kamera_3-1536x1152.jpg 1536w, https:\/\/jawnaenergia.pl\/wp-content\/uploads\/2022\/12\/badanie_kamera_3.jpg 2000w\" sizes=\"auto, (max-width: 1024px) 100vw, 1024px\" \/><\/figure>\n<\/div><\/div>\n\n\n\n<div class=\"wp-block-column is-layout-flow wp-block-column-is-layout-flow\"><div class=\"wp-block-image\">\n<figure class=\"aligncenter size-large is-resized\"><img loading=\"lazy\" decoding=\"async\" src=\"https:\/\/jawnaenergia.pl\/wp-content\/uploads\/2022\/12\/badanie_kamera2-768x1024.jpg\" alt=\"\" class=\"wp-image-115\" width=\"275\" height=\"366\" srcset=\"https:\/\/jawnaenergia.pl\/wp-content\/uploads\/2022\/12\/badanie_kamera2-768x1024.jpg 768w, https:\/\/jawnaenergia.pl\/wp-content\/uploads\/2022\/12\/badanie_kamera2-225x300.jpg 225w, https:\/\/jawnaenergia.pl\/wp-content\/uploads\/2022\/12\/badanie_kamera2-1152x1536.jpg 1152w, https:\/\/jawnaenergia.pl\/wp-content\/uploads\/2022\/12\/badanie_kamera2.jpg 1387w\" sizes=\"auto, (max-width: 275px) 100vw, 275px\" \/><\/figure>\n<\/div><\/div>\n<\/div>\n","protected":false},"excerpt":{"rendered":"<p>Kamera termowizyjna to urz\u0105dzenie dzia\u0142aj\u0105ce na zasadzie promieniowania podczerwonego, kt\u00f3rego intensywno\u015b\u0107 zale\u017cy od temperatury badanego obiektu.&nbsp; Celem badania kamer\u0105 jest ocena w jakim stanie jest izolacja budynku oraz dachu, by [&hellip;]<\/p>\n","protected":false},"author":1,"featured_media":0,"parent":0,"menu_order":0,"comment_status":"closed","ping_status":"closed","template":"","meta":{"om_disable_all_campaigns":false,"_monsterinsights_skip_tracking":false,"_monsterinsights_sitenote_active":false,"_monsterinsights_sitenote_note":"","_monsterinsights_sitenote_category":0,"footnotes":""},"class_list":["post-55","page","type-page","status-publish","hentry"],"yoast_head":"<!-- This site is optimized with the Yoast SEO plugin v27.4 - https:\/\/yoast.com\/product\/yoast-seo-wordpress\/ -->\n<title>Badanie kamer\u0105 termowizyjn\u0105 - Jawna Energia<\/title>\n<meta name=\"robots\" content=\"index, follow, max-snippet:-1, max-image-preview:large, max-video-preview:-1\" \/>\n<link rel=\"canonical\" href=\"https:\/\/jawnaenergia.pl\/index.php\/badanie-kamera-termowizyjna\/\" \/>\n<meta property=\"og:locale\" content=\"pl_PL\" \/>\n<meta property=\"og:type\" content=\"article\" \/>\n<meta property=\"og:title\" content=\"Badanie kamer\u0105 termowizyjn\u0105 - Jawna Energia\" \/>\n<meta property=\"og:description\" content=\"Kamera termowizyjna to urz\u0105dzenie dzia\u0142aj\u0105ce na zasadzie promieniowania podczerwonego, kt\u00f3rego intensywno\u015b\u0107 zale\u017cy od temperatury badanego obiektu.&nbsp; Celem badania kamer\u0105 jest ocena w jakim stanie jest izolacja budynku oraz dachu, by [&hellip;]\" \/>\n<meta property=\"og:url\" content=\"https:\/\/jawnaenergia.pl\/index.php\/badanie-kamera-termowizyjna\/\" \/>\n<meta property=\"og:site_name\" content=\"Jawna Energia\" \/>\n<meta property=\"article:modified_time\" content=\"2025-09-30T17:08:51+00:00\" \/>\n<meta property=\"og:image\" content=\"https:\/\/jawnaenergia.pl\/wp-content\/uploads\/2022\/12\/badanie_kamera-1-643x1024.jpg\" \/>\n<meta name=\"twitter:card\" content=\"summary_large_image\" \/>\n<meta name=\"twitter:label1\" content=\"Szacowany czas czytania\" \/>\n\t<meta name=\"twitter:data1\" content=\"1 minuta\" \/>\n<script type=\"application\/ld+json\" class=\"yoast-schema-graph\">{\"@context\":\"https:\\\/\\\/schema.org\",\"@graph\":[{\"@type\":\"WebPage\",\"@id\":\"https:\\\/\\\/jawnaenergia.pl\\\/index.php\\\/badanie-kamera-termowizyjna\\\/\",\"url\":\"https:\\\/\\\/jawnaenergia.pl\\\/index.php\\\/badanie-kamera-termowizyjna\\\/\",\"name\":\"Badanie kamer\u0105 termowizyjn\u0105 - Jawna Energia\",\"isPartOf\":{\"@id\":\"https:\\\/\\\/jawnaenergia.pl\\\/#website\"},\"primaryImageOfPage\":{\"@id\":\"https:\\\/\\\/jawnaenergia.pl\\\/index.php\\\/badanie-kamera-termowizyjna\\\/#primaryimage\"},\"image\":{\"@id\":\"https:\\\/\\\/jawnaenergia.pl\\\/index.php\\\/badanie-kamera-termowizyjna\\\/#primaryimage\"},\"thumbnailUrl\":\"https:\\\/\\\/jawnaenergia.pl\\\/wp-content\\\/uploads\\\/2022\\\/12\\\/badanie_kamera-1-643x1024.jpg\",\"datePublished\":\"2022-12-08T21:33:22+00:00\",\"dateModified\":\"2025-09-30T17:08:51+00:00\",\"breadcrumb\":{\"@id\":\"https:\\\/\\\/jawnaenergia.pl\\\/index.php\\\/badanie-kamera-termowizyjna\\\/#breadcrumb\"},\"inLanguage\":\"pl-PL\",\"potentialAction\":[{\"@type\":\"ReadAction\",\"target\":[\"https:\\\/\\\/jawnaenergia.pl\\\/index.php\\\/badanie-kamera-termowizyjna\\\/\"]}]},{\"@type\":\"ImageObject\",\"inLanguage\":\"pl-PL\",\"@id\":\"https:\\\/\\\/jawnaenergia.pl\\\/index.php\\\/badanie-kamera-termowizyjna\\\/#primaryimage\",\"url\":\"https:\\\/\\\/jawnaenergia.pl\\\/wp-content\\\/uploads\\\/2022\\\/12\\\/badanie_kamera-1.jpg\",\"contentUrl\":\"https:\\\/\\\/jawnaenergia.pl\\\/wp-content\\\/uploads\\\/2022\\\/12\\\/badanie_kamera-1.jpg\",\"width\":735,\"height\":1170},{\"@type\":\"BreadcrumbList\",\"@id\":\"https:\\\/\\\/jawnaenergia.pl\\\/index.php\\\/badanie-kamera-termowizyjna\\\/#breadcrumb\",\"itemListElement\":[{\"@type\":\"ListItem\",\"position\":1,\"name\":\"Strona g\u0142\u00f3wna\",\"item\":\"https:\\\/\\\/jawnaenergia.pl\\\/\"},{\"@type\":\"ListItem\",\"position\":2,\"name\":\"Badanie kamer\u0105 termowizyjn\u0105\"}]},{\"@type\":\"WebSite\",\"@id\":\"https:\\\/\\\/jawnaenergia.pl\\\/#website\",\"url\":\"https:\\\/\\\/jawnaenergia.pl\\\/\",\"name\":\"Jawna Energia\",\"description\":\"Doradztwo energetyczne\",\"potentialAction\":[{\"@type\":\"SearchAction\",\"target\":{\"@type\":\"EntryPoint\",\"urlTemplate\":\"https:\\\/\\\/jawnaenergia.pl\\\/?s={search_term_string}\"},\"query-input\":{\"@type\":\"PropertyValueSpecification\",\"valueRequired\":true,\"valueName\":\"search_term_string\"}}],\"inLanguage\":\"pl-PL\"}]}<\/script>\n<!-- \/ Yoast SEO plugin. -->","yoast_head_json":{"title":"Badanie kamer\u0105 termowizyjn\u0105 - Jawna Energia","robots":{"index":"index","follow":"follow","max-snippet":"max-snippet:-1","max-image-preview":"max-image-preview:large","max-video-preview":"max-video-preview:-1"},"canonical":"https:\/\/jawnaenergia.pl\/index.php\/badanie-kamera-termowizyjna\/","og_locale":"pl_PL","og_type":"article","og_title":"Badanie kamer\u0105 termowizyjn\u0105 - Jawna Energia","og_description":"Kamera termowizyjna to urz\u0105dzenie dzia\u0142aj\u0105ce na zasadzie promieniowania podczerwonego, kt\u00f3rego intensywno\u015b\u0107 zale\u017cy od temperatury badanego obiektu.&nbsp; Celem badania kamer\u0105 jest ocena w jakim stanie jest izolacja budynku oraz dachu, by [&hellip;]","og_url":"https:\/\/jawnaenergia.pl\/index.php\/badanie-kamera-termowizyjna\/","og_site_name":"Jawna Energia","article_modified_time":"2025-09-30T17:08:51+00:00","og_image":[{"url":"https:\/\/jawnaenergia.pl\/wp-content\/uploads\/2022\/12\/badanie_kamera-1-643x1024.jpg","type":"","width":"","height":""}],"twitter_card":"summary_large_image","twitter_misc":{"Szacowany czas czytania":"1 minuta"},"schema":{"@context":"https:\/\/schema.org","@graph":[{"@type":"WebPage","@id":"https:\/\/jawnaenergia.pl\/index.php\/badanie-kamera-termowizyjna\/","url":"https:\/\/jawnaenergia.pl\/index.php\/badanie-kamera-termowizyjna\/","name":"Badanie kamer\u0105 termowizyjn\u0105 - Jawna Energia","isPartOf":{"@id":"https:\/\/jawnaenergia.pl\/#website"},"primaryImageOfPage":{"@id":"https:\/\/jawnaenergia.pl\/index.php\/badanie-kamera-termowizyjna\/#primaryimage"},"image":{"@id":"https:\/\/jawnaenergia.pl\/index.php\/badanie-kamera-termowizyjna\/#primaryimage"},"thumbnailUrl":"https:\/\/jawnaenergia.pl\/wp-content\/uploads\/2022\/12\/badanie_kamera-1-643x1024.jpg","datePublished":"2022-12-08T21:33:22+00:00","dateModified":"2025-09-30T17:08:51+00:00","breadcrumb":{"@id":"https:\/\/jawnaenergia.pl\/index.php\/badanie-kamera-termowizyjna\/#breadcrumb"},"inLanguage":"pl-PL","potentialAction":[{"@type":"ReadAction","target":["https:\/\/jawnaenergia.pl\/index.php\/badanie-kamera-termowizyjna\/"]}]},{"@type":"ImageObject","inLanguage":"pl-PL","@id":"https:\/\/jawnaenergia.pl\/index.php\/badanie-kamera-termowizyjna\/#primaryimage","url":"https:\/\/jawnaenergia.pl\/wp-content\/uploads\/2022\/12\/badanie_kamera-1.jpg","contentUrl":"https:\/\/jawnaenergia.pl\/wp-content\/uploads\/2022\/12\/badanie_kamera-1.jpg","width":735,"height":1170},{"@type":"BreadcrumbList","@id":"https:\/\/jawnaenergia.pl\/index.php\/badanie-kamera-termowizyjna\/#breadcrumb","itemListElement":[{"@type":"ListItem","position":1,"name":"Strona g\u0142\u00f3wna","item":"https:\/\/jawnaenergia.pl\/"},{"@type":"ListItem","position":2,"name":"Badanie kamer\u0105 termowizyjn\u0105"}]},{"@type":"WebSite","@id":"https:\/\/jawnaenergia.pl\/#website","url":"https:\/\/jawnaenergia.pl\/","name":"Jawna Energia","description":"Doradztwo energetyczne","potentialAction":[{"@type":"SearchAction","target":{"@type":"EntryPoint","urlTemplate":"https:\/\/jawnaenergia.pl\/?s={search_term_string}"},"query-input":{"@type":"PropertyValueSpecification","valueRequired":true,"valueName":"search_term_string"}}],"inLanguage":"pl-PL"}]}},"_hostinger_reach_plugin_has_subscription_block":false,"_hostinger_reach_plugin_is_elementor":false,"_links":{"self":[{"href":"https:\/\/jawnaenergia.pl\/index.php\/wp-json\/wp\/v2\/pages\/55","targetHints":{"allow":["GET"]}}],"collection":[{"href":"https:\/\/jawnaenergia.pl\/index.php\/wp-json\/wp\/v2\/pages"}],"about":[{"href":"https:\/\/jawnaenergia.pl\/index.php\/wp-json\/wp\/v2\/types\/page"}],"author":[{"embeddable":true,"href":"https:\/\/jawnaenergia.pl\/index.php\/wp-json\/wp\/v2\/users\/1"}],"replies":[{"embeddable":true,"href":"https:\/\/jawnaenergia.pl\/index.php\/wp-json\/wp\/v2\/comments?post=55"}],"version-history":[{"count":4,"href":"https:\/\/jawnaenergia.pl\/index.php\/wp-json\/wp\/v2\/pages\/55\/revisions"}],"predecessor-version":[{"id":231,"href":"https:\/\/jawnaenergia.pl\/index.php\/wp-json\/wp\/v2\/pages\/55\/revisions\/231"}],"wp:attachment":[{"href":"https:\/\/jawnaenergia.pl\/index.php\/wp-json\/wp\/v2\/media?parent=55"}],"curies":[{"name":"wp","href":"https:\/\/api.w.org\/{rel}","templated":true}]}}