{"id":59,"date":"2022-12-08T22:33:36","date_gmt":"2022-12-08T21:33:36","guid":{"rendered":"https:\/\/jawnaenergia.pl\/?page_id=59"},"modified":"2025-10-01T13:24:24","modified_gmt":"2025-10-01T12:24:24","slug":"pompy-ciepla","status":"publish","type":"page","link":"https:\/\/jawnaenergia.pl\/index.php\/pompy-ciepla\/","title":{"rendered":"Pompy ciep\u0142a"},"content":{"rendered":"\n<p class=\"has-medium-font-size\">Pompa ciep\u0142a to nowoczesne urz\u0105dzenie grzewcze, kt\u00f3re pozwala na ekologiczne i bezobs\u0142ugowe ogrzewanie budynk\u00f3w. Zasada dzia\u0142ania pompy opiera si\u0119 na wykorzystaniu energii zgromadzonej w \u015brodowisku (z powietrza, gruntu lub wody) do ogrzewania budynku. <\/p>\n\n\n\n<p class=\"has-medium-font-size\">Dzi\u0119ki temu oko\u0142o 75% energii dostarczonej do budynku pochodzi ze \u015brodowiska, a tylko 25% to praca spr\u0119\u017carki, czyli pochodzi z energii elektrycznej. &nbsp;Zasada dzia\u0142ania pompy ciep\u0142a opiera si\u0119 na przekazaniu ciep\u0142a pobranego ze strefy o ni\u017cszej temperaturze (dolne \u017ar\u00f3d\u0142o ciep\u0142a \u2013 powietrze, grunt lub woda) do strefy o temperaturze wy\u017cszej (g\u00f3rne \u017ar\u00f3d\u0142o ciep\u0142a \u2013 np. grzejniki lub ogrzewanie pod\u0142ogowe).W obrazowy spos\u00f3b mo\u017cna powiedzie\u0107, \u017ce zasada dzia\u0142ania pompy ciep\u0142a jest odwrotna do pracy lod\u00f3wki.<\/p>\n\n\n\n<p><\/p>\n\n\n\n<p class=\"has-medium-font-size\">Kluczem do poprawnej pracy instalacji pompy ciep\u0142a jest jej prawid\u0142owy dob\u00f3r do zapotrzebowania cieplnego budynku oraz prawid\u0142owy monta\u017c urz\u0105dzenia. <\/p>\n\n\n\n<p class=\"has-medium-font-size\">Pompa ciep\u0142a nie mo\u017ce by\u0107 ani za ma\u0142a, ani za du\u017ca. Je\u015bli pompa b\u0119dzie za ma\u0142a wtedy pob\u00f3r pr\u0105du przez grza\u0142ki spowoduje du\u017cy wzrost koszt\u00f3w eksploatacyjnych, a w skrajnym przypadku budynek b\u0119dzie niedogrzewany. <\/p>\n\n\n\n<p class=\"has-medium-font-size\">Natomiast w przypadku zbyt du\u017cej pompy b\u0119dziemy mieli do czynienia z tzw. taktowaniem pompy, czyli bardzo cz\u0119stym uruchamianiem jej na kr\u00f3tkie cykle pracy, czego skutkiem b\u0119dzie szybsze zu\u017cycie pompy poprzez zbyt cz\u0119ste uruchamianie si\u0119 spr\u0119\u017carki. <\/p>\n\n\n\n<p class=\"has-medium-font-size\">Dlatego te\u017c nasza firma wsp\u00f3\u0142pracuje ze sprawdzonymi instalatorami, maj\u0105cymi wieloletnie do\u015bwiadczenie w monta\u017cu i serwisie pomp ciep\u0142a, mi\u0119dzy innymi Daikin, Mitsubishi, Panasonic, Nibe czy Rotenso. <\/p>\n\n\n\n<div style=\"height:39px\" aria-hidden=\"true\" class=\"wp-block-spacer\"><\/div>\n\n\n\n<p class=\"has-medium-font-size\"><strong>Je\u015bli chcesz dowiedzie\u0107 si\u0119 wi\u0119cej na temat proponowanych pomp ciep\u0142a zapraszamy do kontaktu.<\/strong><\/p>\n\n\n\n<figure class=\"wp-block-image size-full is-resized\"><img loading=\"lazy\" decoding=\"async\" src=\"https:\/\/jawnaenergia.pl\/wp-content\/uploads\/2025\/10\/WIZYTOWKA-1-4.jpg\" alt=\"\" class=\"wp-image-260\" width=\"626\" height=\"377\" srcset=\"https:\/\/jawnaenergia.pl\/wp-content\/uploads\/2025\/10\/WIZYTOWKA-1-4.jpg 791w, https:\/\/jawnaenergia.pl\/wp-content\/uploads\/2025\/10\/WIZYTOWKA-1-4-300x181.jpg 300w, https:\/\/jawnaenergia.pl\/wp-content\/uploads\/2025\/10\/WIZYTOWKA-1-4-768x462.jpg 768w\" sizes=\"auto, (max-width: 626px) 100vw, 626px\" \/><\/figure>\n","protected":false},"excerpt":{"rendered":"<p>Pompa ciep\u0142a to nowoczesne urz\u0105dzenie grzewcze, kt\u00f3re pozwala na ekologiczne i bezobs\u0142ugowe ogrzewanie budynk\u00f3w. Zasada dzia\u0142ania pompy opiera si\u0119 na wykorzystaniu energii zgromadzonej w \u015brodowisku (z powietrza, gruntu lub wody) [&hellip;]<\/p>\n","protected":false},"author":1,"featured_media":0,"parent":0,"menu_order":0,"comment_status":"closed","ping_status":"closed","template":"","meta":{"om_disable_all_campaigns":false,"_monsterinsights_skip_tracking":false,"_monsterinsights_sitenote_active":false,"_monsterinsights_sitenote_note":"","_monsterinsights_sitenote_category":0,"footnotes":""},"class_list":["post-59","page","type-page","status-publish","hentry"],"yoast_head":"<!-- This site is optimized with the Yoast SEO plugin v27.4 - https:\/\/yoast.com\/product\/yoast-seo-wordpress\/ -->\n<title>Pompy ciep\u0142a - Jawna Energia<\/title>\n<meta name=\"robots\" content=\"index, follow, max-snippet:-1, max-image-preview:large, max-video-preview:-1\" \/>\n<link rel=\"canonical\" href=\"https:\/\/jawnaenergia.pl\/index.php\/pompy-ciepla\/\" \/>\n<meta property=\"og:locale\" content=\"pl_PL\" \/>\n<meta property=\"og:type\" content=\"article\" \/>\n<meta property=\"og:title\" content=\"Pompy ciep\u0142a - Jawna Energia\" \/>\n<meta property=\"og:description\" content=\"Pompa ciep\u0142a to nowoczesne urz\u0105dzenie grzewcze, kt\u00f3re pozwala na ekologiczne i bezobs\u0142ugowe ogrzewanie budynk\u00f3w. Zasada dzia\u0142ania pompy opiera si\u0119 na wykorzystaniu energii zgromadzonej w \u015brodowisku (z powietrza, gruntu lub wody) [&hellip;]\" \/>\n<meta property=\"og:url\" content=\"https:\/\/jawnaenergia.pl\/index.php\/pompy-ciepla\/\" \/>\n<meta property=\"og:site_name\" content=\"Jawna Energia\" \/>\n<meta property=\"article:modified_time\" content=\"2025-10-01T12:24:24+00:00\" \/>\n<meta property=\"og:image\" content=\"https:\/\/jawnaenergia.pl\/wp-content\/uploads\/2025\/10\/WIZYTOWKA-1-4.jpg\" \/>\n<meta name=\"twitter:card\" content=\"summary_large_image\" \/>\n<meta name=\"twitter:label1\" content=\"Szacowany czas czytania\" \/>\n\t<meta name=\"twitter:data1\" content=\"1 minuta\" \/>\n<script type=\"application\/ld+json\" class=\"yoast-schema-graph\">{\"@context\":\"https:\\\/\\\/schema.org\",\"@graph\":[{\"@type\":\"WebPage\",\"@id\":\"https:\\\/\\\/jawnaenergia.pl\\\/index.php\\\/pompy-ciepla\\\/\",\"url\":\"https:\\\/\\\/jawnaenergia.pl\\\/index.php\\\/pompy-ciepla\\\/\",\"name\":\"Pompy ciep\u0142a - Jawna Energia\",\"isPartOf\":{\"@id\":\"https:\\\/\\\/jawnaenergia.pl\\\/#website\"},\"primaryImageOfPage\":{\"@id\":\"https:\\\/\\\/jawnaenergia.pl\\\/index.php\\\/pompy-ciepla\\\/#primaryimage\"},\"image\":{\"@id\":\"https:\\\/\\\/jawnaenergia.pl\\\/index.php\\\/pompy-ciepla\\\/#primaryimage\"},\"thumbnailUrl\":\"https:\\\/\\\/jawnaenergia.pl\\\/wp-content\\\/uploads\\\/2025\\\/10\\\/WIZYTOWKA-1-4.jpg\",\"datePublished\":\"2022-12-08T21:33:36+00:00\",\"dateModified\":\"2025-10-01T12:24:24+00:00\",\"breadcrumb\":{\"@id\":\"https:\\\/\\\/jawnaenergia.pl\\\/index.php\\\/pompy-ciepla\\\/#breadcrumb\"},\"inLanguage\":\"pl-PL\",\"potentialAction\":[{\"@type\":\"ReadAction\",\"target\":[\"https:\\\/\\\/jawnaenergia.pl\\\/index.php\\\/pompy-ciepla\\\/\"]}]},{\"@type\":\"ImageObject\",\"inLanguage\":\"pl-PL\",\"@id\":\"https:\\\/\\\/jawnaenergia.pl\\\/index.php\\\/pompy-ciepla\\\/#primaryimage\",\"url\":\"https:\\\/\\\/jawnaenergia.pl\\\/wp-content\\\/uploads\\\/2025\\\/10\\\/WIZYTOWKA-1-4.jpg\",\"contentUrl\":\"https:\\\/\\\/jawnaenergia.pl\\\/wp-content\\\/uploads\\\/2025\\\/10\\\/WIZYTOWKA-1-4.jpg\",\"width\":791,\"height\":476},{\"@type\":\"BreadcrumbList\",\"@id\":\"https:\\\/\\\/jawnaenergia.pl\\\/index.php\\\/pompy-ciepla\\\/#breadcrumb\",\"itemListElement\":[{\"@type\":\"ListItem\",\"position\":1,\"name\":\"Strona g\u0142\u00f3wna\",\"item\":\"https:\\\/\\\/jawnaenergia.pl\\\/\"},{\"@type\":\"ListItem\",\"position\":2,\"name\":\"Pompy ciep\u0142a\"}]},{\"@type\":\"WebSite\",\"@id\":\"https:\\\/\\\/jawnaenergia.pl\\\/#website\",\"url\":\"https:\\\/\\\/jawnaenergia.pl\\\/\",\"name\":\"Jawna Energia\",\"description\":\"Doradztwo energetyczne\",\"potentialAction\":[{\"@type\":\"SearchAction\",\"target\":{\"@type\":\"EntryPoint\",\"urlTemplate\":\"https:\\\/\\\/jawnaenergia.pl\\\/?s={search_term_string}\"},\"query-input\":{\"@type\":\"PropertyValueSpecification\",\"valueRequired\":true,\"valueName\":\"search_term_string\"}}],\"inLanguage\":\"pl-PL\"}]}<\/script>\n<!-- \/ Yoast SEO plugin. -->","yoast_head_json":{"title":"Pompy ciep\u0142a - Jawna Energia","robots":{"index":"index","follow":"follow","max-snippet":"max-snippet:-1","max-image-preview":"max-image-preview:large","max-video-preview":"max-video-preview:-1"},"canonical":"https:\/\/jawnaenergia.pl\/index.php\/pompy-ciepla\/","og_locale":"pl_PL","og_type":"article","og_title":"Pompy ciep\u0142a - Jawna Energia","og_description":"Pompa ciep\u0142a to nowoczesne urz\u0105dzenie grzewcze, kt\u00f3re pozwala na ekologiczne i bezobs\u0142ugowe ogrzewanie budynk\u00f3w. Zasada dzia\u0142ania pompy opiera si\u0119 na wykorzystaniu energii zgromadzonej w \u015brodowisku (z powietrza, gruntu lub wody) [&hellip;]","og_url":"https:\/\/jawnaenergia.pl\/index.php\/pompy-ciepla\/","og_site_name":"Jawna Energia","article_modified_time":"2025-10-01T12:24:24+00:00","og_image":[{"url":"https:\/\/jawnaenergia.pl\/wp-content\/uploads\/2025\/10\/WIZYTOWKA-1-4.jpg","type":"","width":"","height":""}],"twitter_card":"summary_large_image","twitter_misc":{"Szacowany czas czytania":"1 minuta"},"schema":{"@context":"https:\/\/schema.org","@graph":[{"@type":"WebPage","@id":"https:\/\/jawnaenergia.pl\/index.php\/pompy-ciepla\/","url":"https:\/\/jawnaenergia.pl\/index.php\/pompy-ciepla\/","name":"Pompy ciep\u0142a - Jawna Energia","isPartOf":{"@id":"https:\/\/jawnaenergia.pl\/#website"},"primaryImageOfPage":{"@id":"https:\/\/jawnaenergia.pl\/index.php\/pompy-ciepla\/#primaryimage"},"image":{"@id":"https:\/\/jawnaenergia.pl\/index.php\/pompy-ciepla\/#primaryimage"},"thumbnailUrl":"https:\/\/jawnaenergia.pl\/wp-content\/uploads\/2025\/10\/WIZYTOWKA-1-4.jpg","datePublished":"2022-12-08T21:33:36+00:00","dateModified":"2025-10-01T12:24:24+00:00","breadcrumb":{"@id":"https:\/\/jawnaenergia.pl\/index.php\/pompy-ciepla\/#breadcrumb"},"inLanguage":"pl-PL","potentialAction":[{"@type":"ReadAction","target":["https:\/\/jawnaenergia.pl\/index.php\/pompy-ciepla\/"]}]},{"@type":"ImageObject","inLanguage":"pl-PL","@id":"https:\/\/jawnaenergia.pl\/index.php\/pompy-ciepla\/#primaryimage","url":"https:\/\/jawnaenergia.pl\/wp-content\/uploads\/2025\/10\/WIZYTOWKA-1-4.jpg","contentUrl":"https:\/\/jawnaenergia.pl\/wp-content\/uploads\/2025\/10\/WIZYTOWKA-1-4.jpg","width":791,"height":476},{"@type":"BreadcrumbList","@id":"https:\/\/jawnaenergia.pl\/index.php\/pompy-ciepla\/#breadcrumb","itemListElement":[{"@type":"ListItem","position":1,"name":"Strona g\u0142\u00f3wna","item":"https:\/\/jawnaenergia.pl\/"},{"@type":"ListItem","position":2,"name":"Pompy ciep\u0142a"}]},{"@type":"WebSite","@id":"https:\/\/jawnaenergia.pl\/#website","url":"https:\/\/jawnaenergia.pl\/","name":"Jawna Energia","description":"Doradztwo energetyczne","potentialAction":[{"@type":"SearchAction","target":{"@type":"EntryPoint","urlTemplate":"https:\/\/jawnaenergia.pl\/?s={search_term_string}"},"query-input":{"@type":"PropertyValueSpecification","valueRequired":true,"valueName":"search_term_string"}}],"inLanguage":"pl-PL"}]}},"_hostinger_reach_plugin_has_subscription_block":false,"_hostinger_reach_plugin_is_elementor":false,"_links":{"self":[{"href":"https:\/\/jawnaenergia.pl\/index.php\/wp-json\/wp\/v2\/pages\/59","targetHints":{"allow":["GET"]}}],"collection":[{"href":"https:\/\/jawnaenergia.pl\/index.php\/wp-json\/wp\/v2\/pages"}],"about":[{"href":"https:\/\/jawnaenergia.pl\/index.php\/wp-json\/wp\/v2\/types\/page"}],"author":[{"embeddable":true,"href":"https:\/\/jawnaenergia.pl\/index.php\/wp-json\/wp\/v2\/users\/1"}],"replies":[{"embeddable":true,"href":"https:\/\/jawnaenergia.pl\/index.php\/wp-json\/wp\/v2\/comments?post=59"}],"version-history":[{"count":3,"href":"https:\/\/jawnaenergia.pl\/index.php\/wp-json\/wp\/v2\/pages\/59\/revisions"}],"predecessor-version":[{"id":262,"href":"https:\/\/jawnaenergia.pl\/index.php\/wp-json\/wp\/v2\/pages\/59\/revisions\/262"}],"wp:attachment":[{"href":"https:\/\/jawnaenergia.pl\/index.php\/wp-json\/wp\/v2\/media?parent=59"}],"curies":[{"name":"wp","href":"https:\/\/api.w.org\/{rel}","templated":true}]}}