{"id":63,"date":"2022-12-08T22:33:48","date_gmt":"2022-12-08T21:33:48","guid":{"rendered":"https:\/\/jawnaenergia.pl\/?page_id=63"},"modified":"2025-10-01T13:25:25","modified_gmt":"2025-10-01T12:25:25","slug":"instalacje-pv","status":"publish","type":"page","link":"https:\/\/jawnaenergia.pl\/index.php\/instalacje-pv\/","title":{"rendered":"Instalacje fotowoltaiczne"},"content":{"rendered":"\n<p class=\"has-medium-font-size\">Zasada dzia\u0142ania instalacji fotowoltaicznej opiera si\u0119 o wykorzystanie energii promieniowania s\u0142onecznego i zamienienie jej w energi\u0119 elektryczn\u0105. <\/p>\n\n\n\n<p class=\"has-medium-font-size\">Wykorzystywane s\u0105 do tego ogniwa elektryczne, z kt\u00f3rych z\u0142o\u017cone s\u0105 modu\u0142y fotowoltaiczne, czyli tzw. panele. To tam powstaj\u0119 pr\u0105d sta\u0142y, kt\u00f3ry nast\u0119pnie przep\u0142ywaj\u0105c przez inwerter zwany te\u017c falownikiem (lub mikrofalownikiem) zamienia si\u0119 w pr\u0105d zmienny, kt\u00f3ry mo\u017cemy bezpo\u015brednio wykorzysta\u0107 do zasilania urz\u0105dze\u0144 domowych. <\/p>\n\n\n\n<p class=\"has-medium-font-size\">Wytworzony pr\u0105d mo\u017cemy wykorzysta\u0107 na bie\u017c\u0105co (auto konsumpcja), odes\u0142a\u0107 do elektrowni lub zmagazynowa\u0107 (pod warunkiem posiadania magazynu energii).<\/p>\n\n\n\n<p class=\"has-medium-font-size\">Decyduj\u0105c si\u0119 na monta\u017c instalacji fotowoltaicznej nale\u017cy zwr\u00f3ci\u0107 uwag\u0119 na kilka istotnych fakt\u00f3w wp\u0142ywaj\u0105cych na p\u00f3\u017aniejsz\u0105 produkcj\u0119 z instalacji. Chodzi przede wszystkim o po\u0142o\u017cenie instalacji wzgl\u0119dem stron \u015bwiata, k\u0105t nachylenia paneli, ewentualne zacienienia, a tak\u017ce gwarancje i serwis.<\/p>\n\n\n\n<p class=\"has-medium-font-size\">W czasach coraz wy\u017cszych cen energii dobrze dobrana instalacja fotowoltaiczna pozwala na realne oszcz\u0119dno\u015bci koszt\u00f3w energii elektrycznej. Kluczem do satysfakcji z dzia\u0142ania instalacji jest jej prawid\u0142owy dob\u00f3r oraz monta\u017c. Dzi\u0119ki skorzystaniu z naszej oferty masz mo\u017cliwo\u015b\u0107 analizy zwrotu koszt\u00f3w danego rozwi\u0105zania, por\u00f3wnanie ofert cenowych kilku niezale\u017cnych firm oraz uzyskanie wiedzy na co zwr\u00f3ci\u0107 uwag\u0119 przy wyborze firmy i jakie s\u0105 wady i zalety r\u00f3\u017cnych system\u00f3w monta\u017cu.<\/p>\n\n\n\n<p class=\"has-medium-font-size\">Wsp\u00f3\u0142pracujemy z firmami maj\u0105cymi wieloletnie do\u015bwiadczenie w monta\u017cu instalacji fotowoltaicznych na sprawdzonych podzespo\u0142ach takich jak: SolarEdge, Huawei, Fronius, Sofar Solar, Jinko Solar, Phono Solar, JaSolar, Bruk Bet PV.<\/p>\n\n\n\n<div style=\"height:46px\" aria-hidden=\"true\" class=\"wp-block-spacer\"><\/div>\n\n\n\n<p class=\"has-medium-font-size\"><strong>Je\u015bli jeste\u015b zainteresowany szczeg\u00f3\u0142owymi informacjami zapraszamy do kontaktu.<\/strong><\/p>\n\n\n\n<p><\/p>\n\n\n\n<figure class=\"wp-block-image size-full is-resized\"><img loading=\"lazy\" decoding=\"async\" src=\"https:\/\/jawnaenergia.pl\/wp-content\/uploads\/2025\/10\/WIZYTOWKA-1-5.jpg\" alt=\"\" class=\"wp-image-263\" width=\"623\" height=\"375\" srcset=\"https:\/\/jawnaenergia.pl\/wp-content\/uploads\/2025\/10\/WIZYTOWKA-1-5.jpg 791w, https:\/\/jawnaenergia.pl\/wp-content\/uploads\/2025\/10\/WIZYTOWKA-1-5-300x181.jpg 300w, https:\/\/jawnaenergia.pl\/wp-content\/uploads\/2025\/10\/WIZYTOWKA-1-5-768x462.jpg 768w\" sizes=\"auto, (max-width: 623px) 100vw, 623px\" \/><\/figure>\n","protected":false},"excerpt":{"rendered":"<p>Zasada dzia\u0142ania instalacji fotowoltaicznej opiera si\u0119 o wykorzystanie energii promieniowania s\u0142onecznego i zamienienie jej w energi\u0119 elektryczn\u0105. Wykorzystywane s\u0105 do tego ogniwa elektryczne, z kt\u00f3rych z\u0142o\u017cone s\u0105 modu\u0142y fotowoltaiczne, czyli [&hellip;]<\/p>\n","protected":false},"author":1,"featured_media":0,"parent":0,"menu_order":0,"comment_status":"closed","ping_status":"closed","template":"","meta":{"om_disable_all_campaigns":false,"_monsterinsights_skip_tracking":false,"_monsterinsights_sitenote_active":false,"_monsterinsights_sitenote_note":"","_monsterinsights_sitenote_category":0,"footnotes":""},"class_list":["post-63","page","type-page","status-publish","hentry"],"yoast_head":"<!-- This site is optimized with the Yoast SEO plugin v27.4 - https:\/\/yoast.com\/product\/yoast-seo-wordpress\/ -->\n<title>Instalacje fotowoltaiczne - Jawna Energia<\/title>\n<meta name=\"robots\" content=\"index, follow, max-snippet:-1, max-image-preview:large, max-video-preview:-1\" \/>\n<link rel=\"canonical\" href=\"https:\/\/jawnaenergia.pl\/index.php\/instalacje-pv\/\" \/>\n<meta property=\"og:locale\" content=\"pl_PL\" \/>\n<meta property=\"og:type\" content=\"article\" \/>\n<meta property=\"og:title\" content=\"Instalacje fotowoltaiczne - Jawna Energia\" \/>\n<meta property=\"og:description\" content=\"Zasada dzia\u0142ania instalacji fotowoltaicznej opiera si\u0119 o wykorzystanie energii promieniowania s\u0142onecznego i zamienienie jej w energi\u0119 elektryczn\u0105. Wykorzystywane s\u0105 do tego ogniwa elektryczne, z kt\u00f3rych z\u0142o\u017cone s\u0105 modu\u0142y fotowoltaiczne, czyli [&hellip;]\" \/>\n<meta property=\"og:url\" content=\"https:\/\/jawnaenergia.pl\/index.php\/instalacje-pv\/\" \/>\n<meta property=\"og:site_name\" content=\"Jawna Energia\" \/>\n<meta property=\"article:modified_time\" content=\"2025-10-01T12:25:25+00:00\" \/>\n<meta property=\"og:image\" content=\"https:\/\/jawnaenergia.pl\/wp-content\/uploads\/2025\/10\/WIZYTOWKA-1-5.jpg\" \/>\n<meta name=\"twitter:card\" content=\"summary_large_image\" \/>\n<meta name=\"twitter:label1\" content=\"Szacowany czas czytania\" \/>\n\t<meta name=\"twitter:data1\" content=\"1 minuta\" \/>\n<script type=\"application\/ld+json\" class=\"yoast-schema-graph\">{\"@context\":\"https:\\\/\\\/schema.org\",\"@graph\":[{\"@type\":\"WebPage\",\"@id\":\"https:\\\/\\\/jawnaenergia.pl\\\/index.php\\\/instalacje-pv\\\/\",\"url\":\"https:\\\/\\\/jawnaenergia.pl\\\/index.php\\\/instalacje-pv\\\/\",\"name\":\"Instalacje fotowoltaiczne - Jawna Energia\",\"isPartOf\":{\"@id\":\"https:\\\/\\\/jawnaenergia.pl\\\/#website\"},\"primaryImageOfPage\":{\"@id\":\"https:\\\/\\\/jawnaenergia.pl\\\/index.php\\\/instalacje-pv\\\/#primaryimage\"},\"image\":{\"@id\":\"https:\\\/\\\/jawnaenergia.pl\\\/index.php\\\/instalacje-pv\\\/#primaryimage\"},\"thumbnailUrl\":\"https:\\\/\\\/jawnaenergia.pl\\\/wp-content\\\/uploads\\\/2025\\\/10\\\/WIZYTOWKA-1-5.jpg\",\"datePublished\":\"2022-12-08T21:33:48+00:00\",\"dateModified\":\"2025-10-01T12:25:25+00:00\",\"breadcrumb\":{\"@id\":\"https:\\\/\\\/jawnaenergia.pl\\\/index.php\\\/instalacje-pv\\\/#breadcrumb\"},\"inLanguage\":\"pl-PL\",\"potentialAction\":[{\"@type\":\"ReadAction\",\"target\":[\"https:\\\/\\\/jawnaenergia.pl\\\/index.php\\\/instalacje-pv\\\/\"]}]},{\"@type\":\"ImageObject\",\"inLanguage\":\"pl-PL\",\"@id\":\"https:\\\/\\\/jawnaenergia.pl\\\/index.php\\\/instalacje-pv\\\/#primaryimage\",\"url\":\"https:\\\/\\\/jawnaenergia.pl\\\/wp-content\\\/uploads\\\/2025\\\/10\\\/WIZYTOWKA-1-5.jpg\",\"contentUrl\":\"https:\\\/\\\/jawnaenergia.pl\\\/wp-content\\\/uploads\\\/2025\\\/10\\\/WIZYTOWKA-1-5.jpg\",\"width\":791,\"height\":476},{\"@type\":\"BreadcrumbList\",\"@id\":\"https:\\\/\\\/jawnaenergia.pl\\\/index.php\\\/instalacje-pv\\\/#breadcrumb\",\"itemListElement\":[{\"@type\":\"ListItem\",\"position\":1,\"name\":\"Strona g\u0142\u00f3wna\",\"item\":\"https:\\\/\\\/jawnaenergia.pl\\\/\"},{\"@type\":\"ListItem\",\"position\":2,\"name\":\"Instalacje fotowoltaiczne\"}]},{\"@type\":\"WebSite\",\"@id\":\"https:\\\/\\\/jawnaenergia.pl\\\/#website\",\"url\":\"https:\\\/\\\/jawnaenergia.pl\\\/\",\"name\":\"Jawna Energia\",\"description\":\"Doradztwo energetyczne\",\"potentialAction\":[{\"@type\":\"SearchAction\",\"target\":{\"@type\":\"EntryPoint\",\"urlTemplate\":\"https:\\\/\\\/jawnaenergia.pl\\\/?s={search_term_string}\"},\"query-input\":{\"@type\":\"PropertyValueSpecification\",\"valueRequired\":true,\"valueName\":\"search_term_string\"}}],\"inLanguage\":\"pl-PL\"}]}<\/script>\n<!-- \/ Yoast SEO plugin. -->","yoast_head_json":{"title":"Instalacje fotowoltaiczne - Jawna Energia","robots":{"index":"index","follow":"follow","max-snippet":"max-snippet:-1","max-image-preview":"max-image-preview:large","max-video-preview":"max-video-preview:-1"},"canonical":"https:\/\/jawnaenergia.pl\/index.php\/instalacje-pv\/","og_locale":"pl_PL","og_type":"article","og_title":"Instalacje fotowoltaiczne - Jawna Energia","og_description":"Zasada dzia\u0142ania instalacji fotowoltaicznej opiera si\u0119 o wykorzystanie energii promieniowania s\u0142onecznego i zamienienie jej w energi\u0119 elektryczn\u0105. Wykorzystywane s\u0105 do tego ogniwa elektryczne, z kt\u00f3rych z\u0142o\u017cone s\u0105 modu\u0142y fotowoltaiczne, czyli [&hellip;]","og_url":"https:\/\/jawnaenergia.pl\/index.php\/instalacje-pv\/","og_site_name":"Jawna Energia","article_modified_time":"2025-10-01T12:25:25+00:00","og_image":[{"url":"https:\/\/jawnaenergia.pl\/wp-content\/uploads\/2025\/10\/WIZYTOWKA-1-5.jpg","type":"","width":"","height":""}],"twitter_card":"summary_large_image","twitter_misc":{"Szacowany czas czytania":"1 minuta"},"schema":{"@context":"https:\/\/schema.org","@graph":[{"@type":"WebPage","@id":"https:\/\/jawnaenergia.pl\/index.php\/instalacje-pv\/","url":"https:\/\/jawnaenergia.pl\/index.php\/instalacje-pv\/","name":"Instalacje fotowoltaiczne - Jawna Energia","isPartOf":{"@id":"https:\/\/jawnaenergia.pl\/#website"},"primaryImageOfPage":{"@id":"https:\/\/jawnaenergia.pl\/index.php\/instalacje-pv\/#primaryimage"},"image":{"@id":"https:\/\/jawnaenergia.pl\/index.php\/instalacje-pv\/#primaryimage"},"thumbnailUrl":"https:\/\/jawnaenergia.pl\/wp-content\/uploads\/2025\/10\/WIZYTOWKA-1-5.jpg","datePublished":"2022-12-08T21:33:48+00:00","dateModified":"2025-10-01T12:25:25+00:00","breadcrumb":{"@id":"https:\/\/jawnaenergia.pl\/index.php\/instalacje-pv\/#breadcrumb"},"inLanguage":"pl-PL","potentialAction":[{"@type":"ReadAction","target":["https:\/\/jawnaenergia.pl\/index.php\/instalacje-pv\/"]}]},{"@type":"ImageObject","inLanguage":"pl-PL","@id":"https:\/\/jawnaenergia.pl\/index.php\/instalacje-pv\/#primaryimage","url":"https:\/\/jawnaenergia.pl\/wp-content\/uploads\/2025\/10\/WIZYTOWKA-1-5.jpg","contentUrl":"https:\/\/jawnaenergia.pl\/wp-content\/uploads\/2025\/10\/WIZYTOWKA-1-5.jpg","width":791,"height":476},{"@type":"BreadcrumbList","@id":"https:\/\/jawnaenergia.pl\/index.php\/instalacje-pv\/#breadcrumb","itemListElement":[{"@type":"ListItem","position":1,"name":"Strona g\u0142\u00f3wna","item":"https:\/\/jawnaenergia.pl\/"},{"@type":"ListItem","position":2,"name":"Instalacje fotowoltaiczne"}]},{"@type":"WebSite","@id":"https:\/\/jawnaenergia.pl\/#website","url":"https:\/\/jawnaenergia.pl\/","name":"Jawna Energia","description":"Doradztwo energetyczne","potentialAction":[{"@type":"SearchAction","target":{"@type":"EntryPoint","urlTemplate":"https:\/\/jawnaenergia.pl\/?s={search_term_string}"},"query-input":{"@type":"PropertyValueSpecification","valueRequired":true,"valueName":"search_term_string"}}],"inLanguage":"pl-PL"}]}},"_hostinger_reach_plugin_has_subscription_block":false,"_hostinger_reach_plugin_is_elementor":false,"_links":{"self":[{"href":"https:\/\/jawnaenergia.pl\/index.php\/wp-json\/wp\/v2\/pages\/63","targetHints":{"allow":["GET"]}}],"collection":[{"href":"https:\/\/jawnaenergia.pl\/index.php\/wp-json\/wp\/v2\/pages"}],"about":[{"href":"https:\/\/jawnaenergia.pl\/index.php\/wp-json\/wp\/v2\/types\/page"}],"author":[{"embeddable":true,"href":"https:\/\/jawnaenergia.pl\/index.php\/wp-json\/wp\/v2\/users\/1"}],"replies":[{"embeddable":true,"href":"https:\/\/jawnaenergia.pl\/index.php\/wp-json\/wp\/v2\/comments?post=63"}],"version-history":[{"count":3,"href":"https:\/\/jawnaenergia.pl\/index.php\/wp-json\/wp\/v2\/pages\/63\/revisions"}],"predecessor-version":[{"id":264,"href":"https:\/\/jawnaenergia.pl\/index.php\/wp-json\/wp\/v2\/pages\/63\/revisions\/264"}],"wp:attachment":[{"href":"https:\/\/jawnaenergia.pl\/index.php\/wp-json\/wp\/v2\/media?parent=63"}],"curies":[{"name":"wp","href":"https:\/\/api.w.org\/{rel}","templated":true}]}}