{"id":67,"date":"2022-12-08T22:34:42","date_gmt":"2022-12-08T21:34:42","guid":{"rendered":"https:\/\/jawnaenergia.pl\/?page_id=67"},"modified":"2025-10-01T13:26:15","modified_gmt":"2025-10-01T12:26:15","slug":"magazyny-energii","status":"publish","type":"page","link":"https:\/\/jawnaenergia.pl\/index.php\/magazyny-energii\/","title":{"rendered":"Magazyny energii"},"content":{"rendered":"\n<p class=\"has-medium-font-size\">Magazyn energii to nic innego jak urz\u0105dzenie s\u0142u\u017c\u0105ce do gromadzenia energii. <\/p>\n\n\n\n<p class=\"has-medium-font-size\">Mo\u017cna je wykorzystywa\u0107 zar\u00f3wno do instalacji wsp\u00f3\u0142pracuj\u0105cych z sieci\u0105 energetyczn\u0105, jak i do tych kt\u00f3re pod\u0142\u0105czenia do sieci nie maj\u0105. <\/p>\n\n\n\n<p class=\"has-medium-font-size\">Idea jest bardzo prosta \u2013 nadwy\u017cka energii z instalacji fotowoltaicznej, kt\u00f3rej nie jeste\u015bmy w stanie wykorzysta\u0107 na bie\u017c\u0105ce potrzeby, trafia do magazynu energii, dzi\u0119ki czemu mo\u017cna j\u0105 wykorzysta\u0107 w p\u00f3\u017aniejszym czasie, np. w nocy, kiedy instalacja fotowoltaiczna nie pracuje.<\/p>\n\n\n\n<p class=\"has-medium-font-size\">W zwi\u0105zku z wprowadzeniem zmian w zasadach rozliczenia instalacji fotowoltaicznych coraz wi\u0119ksz\u0105 popularno\u015b\u0107 zyskuj\u0105 magazyny energii. <\/p>\n\n\n\n<p class=\"has-medium-font-size\">Pozwalaj\u0105 one przede wszystkim na zwi\u0119kszenie poziomu auto konsumpcji, czyli pr\u0105du zu\u017cywanego na bie\u017c\u0105co. Dodatkowo w programie M\u00f3j Pr\u0105d 4.0 na magazyn energii mo\u017cna otrzyma\u0107 dodatkow\u0105 kwot\u0119 dotacji, dzi\u0119ki czemu zwrot inwestycji skraca si\u0119. <\/p>\n\n\n\n<p class=\"has-medium-font-size\">Oczywi\u015bcie takie rozwi\u0105zanie posiada pewnie ograniczenia, dlatego warto skorzysta\u0107 z us\u0142ug naszej firmy i pozna\u0107 wady i zalety magazyn\u00f3w energii.<\/p>\n\n\n\n<p><\/p>\n\n\n\n<p class=\"has-medium-font-size\">Wsp\u00f3\u0142pracujemy z firmami oferuj\u0105cymi monta\u017c sprawdzonych magazyn\u00f3w energii takich marek jak: Huawei, SolarEdge czy Dyness.<\/p>\n\n\n\n<p><\/p>\n\n\n\n<figure class=\"wp-block-image size-full is-resized\"><img loading=\"lazy\" decoding=\"async\" src=\"https:\/\/jawnaenergia.pl\/wp-content\/uploads\/2025\/10\/WIZYTOWKA-1-6.jpg\" alt=\"\" class=\"wp-image-265\" width=\"573\" height=\"345\" srcset=\"https:\/\/jawnaenergia.pl\/wp-content\/uploads\/2025\/10\/WIZYTOWKA-1-6.jpg 791w, https:\/\/jawnaenergia.pl\/wp-content\/uploads\/2025\/10\/WIZYTOWKA-1-6-300x181.jpg 300w, https:\/\/jawnaenergia.pl\/wp-content\/uploads\/2025\/10\/WIZYTOWKA-1-6-768x462.jpg 768w\" sizes=\"auto, (max-width: 573px) 100vw, 573px\" \/><\/figure>\n","protected":false},"excerpt":{"rendered":"<p>Magazyn energii to nic innego jak urz\u0105dzenie s\u0142u\u017c\u0105ce do gromadzenia energii. Mo\u017cna je wykorzystywa\u0107 zar\u00f3wno do instalacji wsp\u00f3\u0142pracuj\u0105cych z sieci\u0105 energetyczn\u0105, jak i do tych kt\u00f3re pod\u0142\u0105czenia do sieci nie [&hellip;]<\/p>\n","protected":false},"author":1,"featured_media":0,"parent":0,"menu_order":0,"comment_status":"closed","ping_status":"closed","template":"","meta":{"om_disable_all_campaigns":false,"_monsterinsights_skip_tracking":false,"_monsterinsights_sitenote_active":false,"_monsterinsights_sitenote_note":"","_monsterinsights_sitenote_category":0,"footnotes":""},"class_list":["post-67","page","type-page","status-publish","hentry"],"yoast_head":"<!-- This site is optimized with the Yoast SEO plugin v27.4 - https:\/\/yoast.com\/product\/yoast-seo-wordpress\/ -->\n<title>Magazyny energii - Jawna Energia<\/title>\n<meta name=\"robots\" content=\"index, follow, max-snippet:-1, max-image-preview:large, max-video-preview:-1\" \/>\n<link rel=\"canonical\" href=\"https:\/\/jawnaenergia.pl\/index.php\/magazyny-energii\/\" \/>\n<meta property=\"og:locale\" content=\"pl_PL\" \/>\n<meta property=\"og:type\" content=\"article\" \/>\n<meta property=\"og:title\" content=\"Magazyny energii - Jawna Energia\" \/>\n<meta property=\"og:description\" content=\"Magazyn energii to nic innego jak urz\u0105dzenie s\u0142u\u017c\u0105ce do gromadzenia energii. Mo\u017cna je wykorzystywa\u0107 zar\u00f3wno do instalacji wsp\u00f3\u0142pracuj\u0105cych z sieci\u0105 energetyczn\u0105, jak i do tych kt\u00f3re pod\u0142\u0105czenia do sieci nie [&hellip;]\" \/>\n<meta property=\"og:url\" content=\"https:\/\/jawnaenergia.pl\/index.php\/magazyny-energii\/\" \/>\n<meta property=\"og:site_name\" content=\"Jawna Energia\" \/>\n<meta property=\"article:modified_time\" content=\"2025-10-01T12:26:15+00:00\" \/>\n<meta property=\"og:image\" content=\"https:\/\/jawnaenergia.pl\/wp-content\/uploads\/2025\/10\/WIZYTOWKA-1-6.jpg\" \/>\n<meta name=\"twitter:card\" content=\"summary_large_image\" \/>\n<meta name=\"twitter:label1\" content=\"Szacowany czas czytania\" \/>\n\t<meta name=\"twitter:data1\" content=\"1 minuta\" \/>\n<script type=\"application\/ld+json\" class=\"yoast-schema-graph\">{\"@context\":\"https:\\\/\\\/schema.org\",\"@graph\":[{\"@type\":\"WebPage\",\"@id\":\"https:\\\/\\\/jawnaenergia.pl\\\/index.php\\\/magazyny-energii\\\/\",\"url\":\"https:\\\/\\\/jawnaenergia.pl\\\/index.php\\\/magazyny-energii\\\/\",\"name\":\"Magazyny energii - Jawna Energia\",\"isPartOf\":{\"@id\":\"https:\\\/\\\/jawnaenergia.pl\\\/#website\"},\"primaryImageOfPage\":{\"@id\":\"https:\\\/\\\/jawnaenergia.pl\\\/index.php\\\/magazyny-energii\\\/#primaryimage\"},\"image\":{\"@id\":\"https:\\\/\\\/jawnaenergia.pl\\\/index.php\\\/magazyny-energii\\\/#primaryimage\"},\"thumbnailUrl\":\"https:\\\/\\\/jawnaenergia.pl\\\/wp-content\\\/uploads\\\/2025\\\/10\\\/WIZYTOWKA-1-6.jpg\",\"datePublished\":\"2022-12-08T21:34:42+00:00\",\"dateModified\":\"2025-10-01T12:26:15+00:00\",\"breadcrumb\":{\"@id\":\"https:\\\/\\\/jawnaenergia.pl\\\/index.php\\\/magazyny-energii\\\/#breadcrumb\"},\"inLanguage\":\"pl-PL\",\"potentialAction\":[{\"@type\":\"ReadAction\",\"target\":[\"https:\\\/\\\/jawnaenergia.pl\\\/index.php\\\/magazyny-energii\\\/\"]}]},{\"@type\":\"ImageObject\",\"inLanguage\":\"pl-PL\",\"@id\":\"https:\\\/\\\/jawnaenergia.pl\\\/index.php\\\/magazyny-energii\\\/#primaryimage\",\"url\":\"https:\\\/\\\/jawnaenergia.pl\\\/wp-content\\\/uploads\\\/2025\\\/10\\\/WIZYTOWKA-1-6.jpg\",\"contentUrl\":\"https:\\\/\\\/jawnaenergia.pl\\\/wp-content\\\/uploads\\\/2025\\\/10\\\/WIZYTOWKA-1-6.jpg\",\"width\":791,\"height\":476},{\"@type\":\"BreadcrumbList\",\"@id\":\"https:\\\/\\\/jawnaenergia.pl\\\/index.php\\\/magazyny-energii\\\/#breadcrumb\",\"itemListElement\":[{\"@type\":\"ListItem\",\"position\":1,\"name\":\"Strona g\u0142\u00f3wna\",\"item\":\"https:\\\/\\\/jawnaenergia.pl\\\/\"},{\"@type\":\"ListItem\",\"position\":2,\"name\":\"Magazyny energii\"}]},{\"@type\":\"WebSite\",\"@id\":\"https:\\\/\\\/jawnaenergia.pl\\\/#website\",\"url\":\"https:\\\/\\\/jawnaenergia.pl\\\/\",\"name\":\"Jawna Energia\",\"description\":\"Doradztwo energetyczne\",\"potentialAction\":[{\"@type\":\"SearchAction\",\"target\":{\"@type\":\"EntryPoint\",\"urlTemplate\":\"https:\\\/\\\/jawnaenergia.pl\\\/?s={search_term_string}\"},\"query-input\":{\"@type\":\"PropertyValueSpecification\",\"valueRequired\":true,\"valueName\":\"search_term_string\"}}],\"inLanguage\":\"pl-PL\"}]}<\/script>\n<!-- \/ Yoast SEO plugin. -->","yoast_head_json":{"title":"Magazyny energii - Jawna Energia","robots":{"index":"index","follow":"follow","max-snippet":"max-snippet:-1","max-image-preview":"max-image-preview:large","max-video-preview":"max-video-preview:-1"},"canonical":"https:\/\/jawnaenergia.pl\/index.php\/magazyny-energii\/","og_locale":"pl_PL","og_type":"article","og_title":"Magazyny energii - Jawna Energia","og_description":"Magazyn energii to nic innego jak urz\u0105dzenie s\u0142u\u017c\u0105ce do gromadzenia energii. Mo\u017cna je wykorzystywa\u0107 zar\u00f3wno do instalacji wsp\u00f3\u0142pracuj\u0105cych z sieci\u0105 energetyczn\u0105, jak i do tych kt\u00f3re pod\u0142\u0105czenia do sieci nie [&hellip;]","og_url":"https:\/\/jawnaenergia.pl\/index.php\/magazyny-energii\/","og_site_name":"Jawna Energia","article_modified_time":"2025-10-01T12:26:15+00:00","og_image":[{"url":"https:\/\/jawnaenergia.pl\/wp-content\/uploads\/2025\/10\/WIZYTOWKA-1-6.jpg","type":"","width":"","height":""}],"twitter_card":"summary_large_image","twitter_misc":{"Szacowany czas czytania":"1 minuta"},"schema":{"@context":"https:\/\/schema.org","@graph":[{"@type":"WebPage","@id":"https:\/\/jawnaenergia.pl\/index.php\/magazyny-energii\/","url":"https:\/\/jawnaenergia.pl\/index.php\/magazyny-energii\/","name":"Magazyny energii - Jawna Energia","isPartOf":{"@id":"https:\/\/jawnaenergia.pl\/#website"},"primaryImageOfPage":{"@id":"https:\/\/jawnaenergia.pl\/index.php\/magazyny-energii\/#primaryimage"},"image":{"@id":"https:\/\/jawnaenergia.pl\/index.php\/magazyny-energii\/#primaryimage"},"thumbnailUrl":"https:\/\/jawnaenergia.pl\/wp-content\/uploads\/2025\/10\/WIZYTOWKA-1-6.jpg","datePublished":"2022-12-08T21:34:42+00:00","dateModified":"2025-10-01T12:26:15+00:00","breadcrumb":{"@id":"https:\/\/jawnaenergia.pl\/index.php\/magazyny-energii\/#breadcrumb"},"inLanguage":"pl-PL","potentialAction":[{"@type":"ReadAction","target":["https:\/\/jawnaenergia.pl\/index.php\/magazyny-energii\/"]}]},{"@type":"ImageObject","inLanguage":"pl-PL","@id":"https:\/\/jawnaenergia.pl\/index.php\/magazyny-energii\/#primaryimage","url":"https:\/\/jawnaenergia.pl\/wp-content\/uploads\/2025\/10\/WIZYTOWKA-1-6.jpg","contentUrl":"https:\/\/jawnaenergia.pl\/wp-content\/uploads\/2025\/10\/WIZYTOWKA-1-6.jpg","width":791,"height":476},{"@type":"BreadcrumbList","@id":"https:\/\/jawnaenergia.pl\/index.php\/magazyny-energii\/#breadcrumb","itemListElement":[{"@type":"ListItem","position":1,"name":"Strona g\u0142\u00f3wna","item":"https:\/\/jawnaenergia.pl\/"},{"@type":"ListItem","position":2,"name":"Magazyny energii"}]},{"@type":"WebSite","@id":"https:\/\/jawnaenergia.pl\/#website","url":"https:\/\/jawnaenergia.pl\/","name":"Jawna Energia","description":"Doradztwo energetyczne","potentialAction":[{"@type":"SearchAction","target":{"@type":"EntryPoint","urlTemplate":"https:\/\/jawnaenergia.pl\/?s={search_term_string}"},"query-input":{"@type":"PropertyValueSpecification","valueRequired":true,"valueName":"search_term_string"}}],"inLanguage":"pl-PL"}]}},"_hostinger_reach_plugin_has_subscription_block":false,"_hostinger_reach_plugin_is_elementor":false,"_links":{"self":[{"href":"https:\/\/jawnaenergia.pl\/index.php\/wp-json\/wp\/v2\/pages\/67","targetHints":{"allow":["GET"]}}],"collection":[{"href":"https:\/\/jawnaenergia.pl\/index.php\/wp-json\/wp\/v2\/pages"}],"about":[{"href":"https:\/\/jawnaenergia.pl\/index.php\/wp-json\/wp\/v2\/types\/page"}],"author":[{"embeddable":true,"href":"https:\/\/jawnaenergia.pl\/index.php\/wp-json\/wp\/v2\/users\/1"}],"replies":[{"embeddable":true,"href":"https:\/\/jawnaenergia.pl\/index.php\/wp-json\/wp\/v2\/comments?post=67"}],"version-history":[{"count":3,"href":"https:\/\/jawnaenergia.pl\/index.php\/wp-json\/wp\/v2\/pages\/67\/revisions"}],"predecessor-version":[{"id":266,"href":"https:\/\/jawnaenergia.pl\/index.php\/wp-json\/wp\/v2\/pages\/67\/revisions\/266"}],"wp:attachment":[{"href":"https:\/\/jawnaenergia.pl\/index.php\/wp-json\/wp\/v2\/media?parent=67"}],"curies":[{"name":"wp","href":"https:\/\/api.w.org\/{rel}","templated":true}]}}