{"id":75,"date":"2022-12-08T22:37:32","date_gmt":"2022-12-08T21:37:32","guid":{"rendered":"https:\/\/jawnaenergia.pl\/?page_id=75"},"modified":"2026-02-11T20:10:11","modified_gmt":"2026-02-11T19:10:11","slug":"czyste-powietrze","status":"publish","type":"page","link":"https:\/\/jawnaenergia.pl\/index.php\/czyste-powietrze\/","title":{"rendered":"Czyste powietrze"},"content":{"rendered":"\n<p class=\"has-medium-font-size\">Czyste Powietrze to program priorytetowy, kt\u00f3rego celem jest poprawa efektywno\u015bci energetycznej budynk\u00f3w oraz jako\u015bci powietrza. <\/p>\n\n\n\n<p class=\"has-medium-font-size\">Beneficjentami s\u0105 w\u0142a\u015bciciele b\u0105d\u017a wsp\u00f3\u0142w\u0142a\u015bciciele budynk\u00f3w (co wa\u017cne, budynek musi posiada\u0107 ksi\u0119g\u0119 wieczyst\u0105), kt\u00f3rzy wymieniaj\u0105 stare nieefektywne \u017ar\u00f3d\u0142o ciep\u0142a oraz dokonuj\u0105 termomodernizacji budynku. <\/p>\n\n\n\n<p class=\"has-medium-font-size\">W programie wyst\u0119puj\u0105 trzy progi dotycz\u0105ce wysoko\u015bci dotacji uzale\u017cnione od dochod\u00f3w. Im ni\u017cszy doch\u00f3d na osob\u0119, tym wy\u017csza dotacja. Maksymalna kwota wsparcia przy wymianie \u017ar\u00f3d\u0142a ciep\u0142a i termomodernizacji budynku to a\u017c 170 100 z\u0142otych. Warunkiem otrzymania dofinansowania jest wykonanie audytu energetycznego<\/p>\n\n\n\n<div style=\"height:36px\" aria-hidden=\"true\" class=\"wp-block-spacer\"><\/div>\n\n\n\n<p class=\"has-medium-font-size\"><strong>Je\u015bli chcesz dowiedzie\u0107 si\u0119 wi\u0119cej lub szukasz do\u015bwiadczonego audytora energetycznego nie czekaj i skontaktuj si\u0119 z nami.<\/strong><\/p>\n\n\n\n<p><\/p>\n\n\n\n<figure class=\"wp-block-image size-full is-resized\"><img loading=\"lazy\" decoding=\"async\" width=\"791\" height=\"476\" src=\"https:\/\/jawnaenergia.pl\/wp-content\/uploads\/2025\/10\/WIZYTOWKA-1-3.jpg\" alt=\"\" class=\"wp-image-258\" style=\"width:602px;height:362px\" srcset=\"https:\/\/jawnaenergia.pl\/wp-content\/uploads\/2025\/10\/WIZYTOWKA-1-3.jpg 791w, https:\/\/jawnaenergia.pl\/wp-content\/uploads\/2025\/10\/WIZYTOWKA-1-3-300x181.jpg 300w, https:\/\/jawnaenergia.pl\/wp-content\/uploads\/2025\/10\/WIZYTOWKA-1-3-768x462.jpg 768w\" sizes=\"auto, (max-width: 791px) 100vw, 791px\" \/><\/figure>\n","protected":false},"excerpt":{"rendered":"<p>Czyste Powietrze to program priorytetowy, kt\u00f3rego celem jest poprawa efektywno\u015bci energetycznej budynk\u00f3w oraz jako\u015bci powietrza. Beneficjentami s\u0105 w\u0142a\u015bciciele b\u0105d\u017a wsp\u00f3\u0142w\u0142a\u015bciciele budynk\u00f3w (co wa\u017cne, budynek musi posiada\u0107 ksi\u0119g\u0119 wieczyst\u0105), kt\u00f3rzy wymieniaj\u0105 [&hellip;]<\/p>\n","protected":false},"author":1,"featured_media":0,"parent":0,"menu_order":0,"comment_status":"closed","ping_status":"closed","template":"","meta":{"om_disable_all_campaigns":false,"_monsterinsights_skip_tracking":false,"_monsterinsights_sitenote_active":false,"_monsterinsights_sitenote_note":"","_monsterinsights_sitenote_category":0,"footnotes":""},"class_list":["post-75","page","type-page","status-publish","hentry"],"yoast_head":"<!-- This site is optimized with the Yoast SEO plugin v27.4 - https:\/\/yoast.com\/product\/yoast-seo-wordpress\/ -->\n<title>Czyste powietrze - Jawna Energia<\/title>\n<meta name=\"robots\" content=\"index, follow, max-snippet:-1, max-image-preview:large, max-video-preview:-1\" \/>\n<link rel=\"canonical\" href=\"https:\/\/jawnaenergia.pl\/index.php\/czyste-powietrze\/\" \/>\n<meta property=\"og:locale\" content=\"pl_PL\" \/>\n<meta property=\"og:type\" content=\"article\" \/>\n<meta property=\"og:title\" content=\"Czyste powietrze - Jawna Energia\" \/>\n<meta property=\"og:description\" content=\"Czyste Powietrze to program priorytetowy, kt\u00f3rego celem jest poprawa efektywno\u015bci energetycznej budynk\u00f3w oraz jako\u015bci powietrza. Beneficjentami s\u0105 w\u0142a\u015bciciele b\u0105d\u017a wsp\u00f3\u0142w\u0142a\u015bciciele budynk\u00f3w (co wa\u017cne, budynek musi posiada\u0107 ksi\u0119g\u0119 wieczyst\u0105), kt\u00f3rzy wymieniaj\u0105 [&hellip;]\" \/>\n<meta property=\"og:url\" content=\"https:\/\/jawnaenergia.pl\/index.php\/czyste-powietrze\/\" \/>\n<meta property=\"og:site_name\" content=\"Jawna Energia\" \/>\n<meta property=\"article:modified_time\" content=\"2026-02-11T19:10:11+00:00\" \/>\n<meta property=\"og:image\" content=\"https:\/\/jawnaenergia.pl\/wp-content\/uploads\/2025\/10\/WIZYTOWKA-1-3.jpg\" \/>\n\t<meta property=\"og:image:width\" content=\"791\" \/>\n\t<meta property=\"og:image:height\" content=\"476\" \/>\n\t<meta property=\"og:image:type\" content=\"image\/jpeg\" \/>\n<meta name=\"twitter:card\" content=\"summary_large_image\" \/>\n<meta name=\"twitter:label1\" content=\"Szacowany czas czytania\" \/>\n\t<meta name=\"twitter:data1\" content=\"1 minuta\" \/>\n<script type=\"application\/ld+json\" class=\"yoast-schema-graph\">{\"@context\":\"https:\\\/\\\/schema.org\",\"@graph\":[{\"@type\":\"WebPage\",\"@id\":\"https:\\\/\\\/jawnaenergia.pl\\\/index.php\\\/czyste-powietrze\\\/\",\"url\":\"https:\\\/\\\/jawnaenergia.pl\\\/index.php\\\/czyste-powietrze\\\/\",\"name\":\"Czyste powietrze - Jawna Energia\",\"isPartOf\":{\"@id\":\"https:\\\/\\\/jawnaenergia.pl\\\/#website\"},\"primaryImageOfPage\":{\"@id\":\"https:\\\/\\\/jawnaenergia.pl\\\/index.php\\\/czyste-powietrze\\\/#primaryimage\"},\"image\":{\"@id\":\"https:\\\/\\\/jawnaenergia.pl\\\/index.php\\\/czyste-powietrze\\\/#primaryimage\"},\"thumbnailUrl\":\"https:\\\/\\\/jawnaenergia.pl\\\/wp-content\\\/uploads\\\/2025\\\/10\\\/WIZYTOWKA-1-3.jpg\",\"datePublished\":\"2022-12-08T21:37:32+00:00\",\"dateModified\":\"2026-02-11T19:10:11+00:00\",\"breadcrumb\":{\"@id\":\"https:\\\/\\\/jawnaenergia.pl\\\/index.php\\\/czyste-powietrze\\\/#breadcrumb\"},\"inLanguage\":\"pl-PL\",\"potentialAction\":[{\"@type\":\"ReadAction\",\"target\":[\"https:\\\/\\\/jawnaenergia.pl\\\/index.php\\\/czyste-powietrze\\\/\"]}]},{\"@type\":\"ImageObject\",\"inLanguage\":\"pl-PL\",\"@id\":\"https:\\\/\\\/jawnaenergia.pl\\\/index.php\\\/czyste-powietrze\\\/#primaryimage\",\"url\":\"https:\\\/\\\/jawnaenergia.pl\\\/wp-content\\\/uploads\\\/2025\\\/10\\\/WIZYTOWKA-1-3.jpg\",\"contentUrl\":\"https:\\\/\\\/jawnaenergia.pl\\\/wp-content\\\/uploads\\\/2025\\\/10\\\/WIZYTOWKA-1-3.jpg\",\"width\":791,\"height\":476},{\"@type\":\"BreadcrumbList\",\"@id\":\"https:\\\/\\\/jawnaenergia.pl\\\/index.php\\\/czyste-powietrze\\\/#breadcrumb\",\"itemListElement\":[{\"@type\":\"ListItem\",\"position\":1,\"name\":\"Strona g\u0142\u00f3wna\",\"item\":\"https:\\\/\\\/jawnaenergia.pl\\\/\"},{\"@type\":\"ListItem\",\"position\":2,\"name\":\"Czyste powietrze\"}]},{\"@type\":\"WebSite\",\"@id\":\"https:\\\/\\\/jawnaenergia.pl\\\/#website\",\"url\":\"https:\\\/\\\/jawnaenergia.pl\\\/\",\"name\":\"Jawna Energia\",\"description\":\"Doradztwo energetyczne\",\"potentialAction\":[{\"@type\":\"SearchAction\",\"target\":{\"@type\":\"EntryPoint\",\"urlTemplate\":\"https:\\\/\\\/jawnaenergia.pl\\\/?s={search_term_string}\"},\"query-input\":{\"@type\":\"PropertyValueSpecification\",\"valueRequired\":true,\"valueName\":\"search_term_string\"}}],\"inLanguage\":\"pl-PL\"}]}<\/script>\n<!-- \/ Yoast SEO plugin. -->","yoast_head_json":{"title":"Czyste powietrze - Jawna Energia","robots":{"index":"index","follow":"follow","max-snippet":"max-snippet:-1","max-image-preview":"max-image-preview:large","max-video-preview":"max-video-preview:-1"},"canonical":"https:\/\/jawnaenergia.pl\/index.php\/czyste-powietrze\/","og_locale":"pl_PL","og_type":"article","og_title":"Czyste powietrze - Jawna Energia","og_description":"Czyste Powietrze to program priorytetowy, kt\u00f3rego celem jest poprawa efektywno\u015bci energetycznej budynk\u00f3w oraz jako\u015bci powietrza. Beneficjentami s\u0105 w\u0142a\u015bciciele b\u0105d\u017a wsp\u00f3\u0142w\u0142a\u015bciciele budynk\u00f3w (co wa\u017cne, budynek musi posiada\u0107 ksi\u0119g\u0119 wieczyst\u0105), kt\u00f3rzy wymieniaj\u0105 [&hellip;]","og_url":"https:\/\/jawnaenergia.pl\/index.php\/czyste-powietrze\/","og_site_name":"Jawna Energia","article_modified_time":"2026-02-11T19:10:11+00:00","og_image":[{"width":791,"height":476,"url":"https:\/\/jawnaenergia.pl\/wp-content\/uploads\/2025\/10\/WIZYTOWKA-1-3.jpg","type":"image\/jpeg"}],"twitter_card":"summary_large_image","twitter_misc":{"Szacowany czas czytania":"1 minuta"},"schema":{"@context":"https:\/\/schema.org","@graph":[{"@type":"WebPage","@id":"https:\/\/jawnaenergia.pl\/index.php\/czyste-powietrze\/","url":"https:\/\/jawnaenergia.pl\/index.php\/czyste-powietrze\/","name":"Czyste powietrze - Jawna Energia","isPartOf":{"@id":"https:\/\/jawnaenergia.pl\/#website"},"primaryImageOfPage":{"@id":"https:\/\/jawnaenergia.pl\/index.php\/czyste-powietrze\/#primaryimage"},"image":{"@id":"https:\/\/jawnaenergia.pl\/index.php\/czyste-powietrze\/#primaryimage"},"thumbnailUrl":"https:\/\/jawnaenergia.pl\/wp-content\/uploads\/2025\/10\/WIZYTOWKA-1-3.jpg","datePublished":"2022-12-08T21:37:32+00:00","dateModified":"2026-02-11T19:10:11+00:00","breadcrumb":{"@id":"https:\/\/jawnaenergia.pl\/index.php\/czyste-powietrze\/#breadcrumb"},"inLanguage":"pl-PL","potentialAction":[{"@type":"ReadAction","target":["https:\/\/jawnaenergia.pl\/index.php\/czyste-powietrze\/"]}]},{"@type":"ImageObject","inLanguage":"pl-PL","@id":"https:\/\/jawnaenergia.pl\/index.php\/czyste-powietrze\/#primaryimage","url":"https:\/\/jawnaenergia.pl\/wp-content\/uploads\/2025\/10\/WIZYTOWKA-1-3.jpg","contentUrl":"https:\/\/jawnaenergia.pl\/wp-content\/uploads\/2025\/10\/WIZYTOWKA-1-3.jpg","width":791,"height":476},{"@type":"BreadcrumbList","@id":"https:\/\/jawnaenergia.pl\/index.php\/czyste-powietrze\/#breadcrumb","itemListElement":[{"@type":"ListItem","position":1,"name":"Strona g\u0142\u00f3wna","item":"https:\/\/jawnaenergia.pl\/"},{"@type":"ListItem","position":2,"name":"Czyste powietrze"}]},{"@type":"WebSite","@id":"https:\/\/jawnaenergia.pl\/#website","url":"https:\/\/jawnaenergia.pl\/","name":"Jawna Energia","description":"Doradztwo energetyczne","potentialAction":[{"@type":"SearchAction","target":{"@type":"EntryPoint","urlTemplate":"https:\/\/jawnaenergia.pl\/?s={search_term_string}"},"query-input":{"@type":"PropertyValueSpecification","valueRequired":true,"valueName":"search_term_string"}}],"inLanguage":"pl-PL"}]}},"_hostinger_reach_plugin_has_subscription_block":false,"_hostinger_reach_plugin_is_elementor":false,"_links":{"self":[{"href":"https:\/\/jawnaenergia.pl\/index.php\/wp-json\/wp\/v2\/pages\/75","targetHints":{"allow":["GET"]}}],"collection":[{"href":"https:\/\/jawnaenergia.pl\/index.php\/wp-json\/wp\/v2\/pages"}],"about":[{"href":"https:\/\/jawnaenergia.pl\/index.php\/wp-json\/wp\/v2\/types\/page"}],"author":[{"embeddable":true,"href":"https:\/\/jawnaenergia.pl\/index.php\/wp-json\/wp\/v2\/users\/1"}],"replies":[{"embeddable":true,"href":"https:\/\/jawnaenergia.pl\/index.php\/wp-json\/wp\/v2\/comments?post=75"}],"version-history":[{"count":5,"href":"https:\/\/jawnaenergia.pl\/index.php\/wp-json\/wp\/v2\/pages\/75\/revisions"}],"predecessor-version":[{"id":376,"href":"https:\/\/jawnaenergia.pl\/index.php\/wp-json\/wp\/v2\/pages\/75\/revisions\/376"}],"wp:attachment":[{"href":"https:\/\/jawnaenergia.pl\/index.php\/wp-json\/wp\/v2\/media?parent=75"}],"curies":[{"name":"wp","href":"https:\/\/api.w.org\/{rel}","templated":true}]}}