{"id":79,"date":"2022-12-08T22:37:45","date_gmt":"2022-12-08T21:37:45","guid":{"rendered":"https:\/\/jawnaenergia.pl\/?page_id=79"},"modified":"2025-10-01T13:20:45","modified_gmt":"2025-10-01T12:20:45","slug":"moje-cieplo","status":"publish","type":"page","link":"https:\/\/jawnaenergia.pl\/index.php\/moje-cieplo\/","title":{"rendered":"Moje ciep\u0142o"},"content":{"rendered":"\n<p class=\"has-medium-font-size\">Moje Ciep\u0142o to kolejny z program\u00f3w, dzi\u0119ki kt\u00f3remu mo\u017cemy uzyska\u0107 wsparcie finansowe, decyduj\u0105c si\u0119 na odnawialne \u017ar\u00f3d\u0142o energii w swoim domu. <\/p>\n\n\n\n<p class=\"has-medium-font-size\">Program ten skierowany jest do w\u0142a\u015bcicieli nowych budynk\u00f3w jednorodzinnych, kt\u00f3rzy zamontowali pomp\u0119 ciep\u0142a gruntow\u0105 (maksymalna kwota dotacji 21 000 z\u0142) lub powietrzn\u0105 (maksymalna kwota dotacji 7000 z\u0142). <\/p>\n\n\n\n<p class=\"has-medium-font-size\">Aby m\u00f3c skorzysta\u0107 ze \u015brodk\u00f3w w ramach programu Moje Ciep\u0142o nale\u017cy przede wszystkim posiada\u0107 \u015bwiadectwo charakterystyki energetycznej budynku, a w nim warto\u015b\u0107 energii pierwotnej (EP), kt\u00f3rego warto\u015b\u0107 nie przekracza 55 kWh\/m<sup>2<\/sup>*rok. Dodatkowo &nbsp;pompa ciep\u0142a musi spe\u0142nia\u0107 w odniesieniu do ogrzewania pomieszcze\u0144 wymagania&nbsp;klasy efektywno\u015bci energetycznej minimum A++&nbsp;(dla temperatury zasilania 55<sup>o<\/sup>C) na podstawie karty produktu i etykiety energetycznej, a tak\u017ce zamontowana pompa ciep\u0142a musi wsp\u00f3\u0142pracowa\u0107 z wodnym ogrzewaniem niskotemperaturowym.<\/p>\n\n\n\n<p class=\"has-medium-font-size\"><strong>Je\u015bli chcesz dowiedzie\u0107 si\u0119 wi\u0119cej lub szukasz doradcy, kt\u00f3ry z\u0142o\u017cy wniosek za Ciebie nie czekaj i skontaktuj si\u0119 z nami.<\/strong><\/p>\n\n\n\n<p><\/p>\n\n\n\n<figure class=\"wp-block-image size-full is-resized\"><img loading=\"lazy\" decoding=\"async\" src=\"https:\/\/jawnaenergia.pl\/wp-content\/uploads\/2025\/10\/WIZYTOWKA-1-1.jpg\" alt=\"\" class=\"wp-image-254\" width=\"558\" height=\"336\" srcset=\"https:\/\/jawnaenergia.pl\/wp-content\/uploads\/2025\/10\/WIZYTOWKA-1-1.jpg 791w, https:\/\/jawnaenergia.pl\/wp-content\/uploads\/2025\/10\/WIZYTOWKA-1-1-300x181.jpg 300w, https:\/\/jawnaenergia.pl\/wp-content\/uploads\/2025\/10\/WIZYTOWKA-1-1-768x462.jpg 768w\" sizes=\"auto, (max-width: 558px) 100vw, 558px\" \/><\/figure>\n","protected":false},"excerpt":{"rendered":"<p>Moje Ciep\u0142o to kolejny z program\u00f3w, dzi\u0119ki kt\u00f3remu mo\u017cemy uzyska\u0107 wsparcie finansowe, decyduj\u0105c si\u0119 na odnawialne \u017ar\u00f3d\u0142o energii w swoim domu. Program ten skierowany jest do w\u0142a\u015bcicieli nowych budynk\u00f3w jednorodzinnych, [&hellip;]<\/p>\n","protected":false},"author":1,"featured_media":0,"parent":0,"menu_order":0,"comment_status":"closed","ping_status":"closed","template":"","meta":{"om_disable_all_campaigns":false,"_monsterinsights_skip_tracking":false,"_monsterinsights_sitenote_active":false,"_monsterinsights_sitenote_note":"","_monsterinsights_sitenote_category":0,"footnotes":""},"class_list":["post-79","page","type-page","status-publish","hentry"],"yoast_head":"<!-- This site is optimized with the Yoast SEO plugin v27.4 - https:\/\/yoast.com\/product\/yoast-seo-wordpress\/ -->\n<title>Moje ciep\u0142o - Jawna Energia<\/title>\n<meta name=\"robots\" content=\"index, follow, max-snippet:-1, max-image-preview:large, max-video-preview:-1\" \/>\n<link rel=\"canonical\" href=\"https:\/\/jawnaenergia.pl\/index.php\/moje-cieplo\/\" \/>\n<meta property=\"og:locale\" content=\"pl_PL\" \/>\n<meta property=\"og:type\" content=\"article\" \/>\n<meta property=\"og:title\" content=\"Moje ciep\u0142o - Jawna Energia\" \/>\n<meta property=\"og:description\" content=\"Moje Ciep\u0142o to kolejny z program\u00f3w, dzi\u0119ki kt\u00f3remu mo\u017cemy uzyska\u0107 wsparcie finansowe, decyduj\u0105c si\u0119 na odnawialne \u017ar\u00f3d\u0142o energii w swoim domu. Program ten skierowany jest do w\u0142a\u015bcicieli nowych budynk\u00f3w jednorodzinnych, [&hellip;]\" \/>\n<meta property=\"og:url\" content=\"https:\/\/jawnaenergia.pl\/index.php\/moje-cieplo\/\" \/>\n<meta property=\"og:site_name\" content=\"Jawna Energia\" \/>\n<meta property=\"article:modified_time\" content=\"2025-10-01T12:20:45+00:00\" \/>\n<meta property=\"og:image\" content=\"https:\/\/jawnaenergia.pl\/wp-content\/uploads\/2025\/10\/WIZYTOWKA-1-1.jpg\" \/>\n<meta name=\"twitter:card\" content=\"summary_large_image\" \/>\n<meta name=\"twitter:label1\" content=\"Szacowany czas czytania\" \/>\n\t<meta name=\"twitter:data1\" content=\"1 minuta\" \/>\n<script type=\"application\/ld+json\" class=\"yoast-schema-graph\">{\"@context\":\"https:\\\/\\\/schema.org\",\"@graph\":[{\"@type\":\"WebPage\",\"@id\":\"https:\\\/\\\/jawnaenergia.pl\\\/index.php\\\/moje-cieplo\\\/\",\"url\":\"https:\\\/\\\/jawnaenergia.pl\\\/index.php\\\/moje-cieplo\\\/\",\"name\":\"Moje ciep\u0142o - Jawna Energia\",\"isPartOf\":{\"@id\":\"https:\\\/\\\/jawnaenergia.pl\\\/#website\"},\"primaryImageOfPage\":{\"@id\":\"https:\\\/\\\/jawnaenergia.pl\\\/index.php\\\/moje-cieplo\\\/#primaryimage\"},\"image\":{\"@id\":\"https:\\\/\\\/jawnaenergia.pl\\\/index.php\\\/moje-cieplo\\\/#primaryimage\"},\"thumbnailUrl\":\"https:\\\/\\\/jawnaenergia.pl\\\/wp-content\\\/uploads\\\/2025\\\/10\\\/WIZYTOWKA-1-1.jpg\",\"datePublished\":\"2022-12-08T21:37:45+00:00\",\"dateModified\":\"2025-10-01T12:20:45+00:00\",\"breadcrumb\":{\"@id\":\"https:\\\/\\\/jawnaenergia.pl\\\/index.php\\\/moje-cieplo\\\/#breadcrumb\"},\"inLanguage\":\"pl-PL\",\"potentialAction\":[{\"@type\":\"ReadAction\",\"target\":[\"https:\\\/\\\/jawnaenergia.pl\\\/index.php\\\/moje-cieplo\\\/\"]}]},{\"@type\":\"ImageObject\",\"inLanguage\":\"pl-PL\",\"@id\":\"https:\\\/\\\/jawnaenergia.pl\\\/index.php\\\/moje-cieplo\\\/#primaryimage\",\"url\":\"https:\\\/\\\/jawnaenergia.pl\\\/wp-content\\\/uploads\\\/2025\\\/10\\\/WIZYTOWKA-1-1.jpg\",\"contentUrl\":\"https:\\\/\\\/jawnaenergia.pl\\\/wp-content\\\/uploads\\\/2025\\\/10\\\/WIZYTOWKA-1-1.jpg\",\"width\":791,\"height\":476},{\"@type\":\"BreadcrumbList\",\"@id\":\"https:\\\/\\\/jawnaenergia.pl\\\/index.php\\\/moje-cieplo\\\/#breadcrumb\",\"itemListElement\":[{\"@type\":\"ListItem\",\"position\":1,\"name\":\"Strona g\u0142\u00f3wna\",\"item\":\"https:\\\/\\\/jawnaenergia.pl\\\/\"},{\"@type\":\"ListItem\",\"position\":2,\"name\":\"Moje ciep\u0142o\"}]},{\"@type\":\"WebSite\",\"@id\":\"https:\\\/\\\/jawnaenergia.pl\\\/#website\",\"url\":\"https:\\\/\\\/jawnaenergia.pl\\\/\",\"name\":\"Jawna Energia\",\"description\":\"Doradztwo energetyczne\",\"potentialAction\":[{\"@type\":\"SearchAction\",\"target\":{\"@type\":\"EntryPoint\",\"urlTemplate\":\"https:\\\/\\\/jawnaenergia.pl\\\/?s={search_term_string}\"},\"query-input\":{\"@type\":\"PropertyValueSpecification\",\"valueRequired\":true,\"valueName\":\"search_term_string\"}}],\"inLanguage\":\"pl-PL\"}]}<\/script>\n<!-- \/ Yoast SEO plugin. -->","yoast_head_json":{"title":"Moje ciep\u0142o - Jawna Energia","robots":{"index":"index","follow":"follow","max-snippet":"max-snippet:-1","max-image-preview":"max-image-preview:large","max-video-preview":"max-video-preview:-1"},"canonical":"https:\/\/jawnaenergia.pl\/index.php\/moje-cieplo\/","og_locale":"pl_PL","og_type":"article","og_title":"Moje ciep\u0142o - Jawna Energia","og_description":"Moje Ciep\u0142o to kolejny z program\u00f3w, dzi\u0119ki kt\u00f3remu mo\u017cemy uzyska\u0107 wsparcie finansowe, decyduj\u0105c si\u0119 na odnawialne \u017ar\u00f3d\u0142o energii w swoim domu. Program ten skierowany jest do w\u0142a\u015bcicieli nowych budynk\u00f3w jednorodzinnych, [&hellip;]","og_url":"https:\/\/jawnaenergia.pl\/index.php\/moje-cieplo\/","og_site_name":"Jawna Energia","article_modified_time":"2025-10-01T12:20:45+00:00","og_image":[{"url":"https:\/\/jawnaenergia.pl\/wp-content\/uploads\/2025\/10\/WIZYTOWKA-1-1.jpg","type":"","width":"","height":""}],"twitter_card":"summary_large_image","twitter_misc":{"Szacowany czas czytania":"1 minuta"},"schema":{"@context":"https:\/\/schema.org","@graph":[{"@type":"WebPage","@id":"https:\/\/jawnaenergia.pl\/index.php\/moje-cieplo\/","url":"https:\/\/jawnaenergia.pl\/index.php\/moje-cieplo\/","name":"Moje ciep\u0142o - Jawna Energia","isPartOf":{"@id":"https:\/\/jawnaenergia.pl\/#website"},"primaryImageOfPage":{"@id":"https:\/\/jawnaenergia.pl\/index.php\/moje-cieplo\/#primaryimage"},"image":{"@id":"https:\/\/jawnaenergia.pl\/index.php\/moje-cieplo\/#primaryimage"},"thumbnailUrl":"https:\/\/jawnaenergia.pl\/wp-content\/uploads\/2025\/10\/WIZYTOWKA-1-1.jpg","datePublished":"2022-12-08T21:37:45+00:00","dateModified":"2025-10-01T12:20:45+00:00","breadcrumb":{"@id":"https:\/\/jawnaenergia.pl\/index.php\/moje-cieplo\/#breadcrumb"},"inLanguage":"pl-PL","potentialAction":[{"@type":"ReadAction","target":["https:\/\/jawnaenergia.pl\/index.php\/moje-cieplo\/"]}]},{"@type":"ImageObject","inLanguage":"pl-PL","@id":"https:\/\/jawnaenergia.pl\/index.php\/moje-cieplo\/#primaryimage","url":"https:\/\/jawnaenergia.pl\/wp-content\/uploads\/2025\/10\/WIZYTOWKA-1-1.jpg","contentUrl":"https:\/\/jawnaenergia.pl\/wp-content\/uploads\/2025\/10\/WIZYTOWKA-1-1.jpg","width":791,"height":476},{"@type":"BreadcrumbList","@id":"https:\/\/jawnaenergia.pl\/index.php\/moje-cieplo\/#breadcrumb","itemListElement":[{"@type":"ListItem","position":1,"name":"Strona g\u0142\u00f3wna","item":"https:\/\/jawnaenergia.pl\/"},{"@type":"ListItem","position":2,"name":"Moje ciep\u0142o"}]},{"@type":"WebSite","@id":"https:\/\/jawnaenergia.pl\/#website","url":"https:\/\/jawnaenergia.pl\/","name":"Jawna Energia","description":"Doradztwo energetyczne","potentialAction":[{"@type":"SearchAction","target":{"@type":"EntryPoint","urlTemplate":"https:\/\/jawnaenergia.pl\/?s={search_term_string}"},"query-input":{"@type":"PropertyValueSpecification","valueRequired":true,"valueName":"search_term_string"}}],"inLanguage":"pl-PL"}]}},"_hostinger_reach_plugin_has_subscription_block":false,"_hostinger_reach_plugin_is_elementor":false,"_links":{"self":[{"href":"https:\/\/jawnaenergia.pl\/index.php\/wp-json\/wp\/v2\/pages\/79","targetHints":{"allow":["GET"]}}],"collection":[{"href":"https:\/\/jawnaenergia.pl\/index.php\/wp-json\/wp\/v2\/pages"}],"about":[{"href":"https:\/\/jawnaenergia.pl\/index.php\/wp-json\/wp\/v2\/types\/page"}],"author":[{"embeddable":true,"href":"https:\/\/jawnaenergia.pl\/index.php\/wp-json\/wp\/v2\/users\/1"}],"replies":[{"embeddable":true,"href":"https:\/\/jawnaenergia.pl\/index.php\/wp-json\/wp\/v2\/comments?post=79"}],"version-history":[{"count":4,"href":"https:\/\/jawnaenergia.pl\/index.php\/wp-json\/wp\/v2\/pages\/79\/revisions"}],"predecessor-version":[{"id":255,"href":"https:\/\/jawnaenergia.pl\/index.php\/wp-json\/wp\/v2\/pages\/79\/revisions\/255"}],"wp:attachment":[{"href":"https:\/\/jawnaenergia.pl\/index.php\/wp-json\/wp\/v2\/media?parent=79"}],"curies":[{"name":"wp","href":"https:\/\/api.w.org\/{rel}","templated":true}]}}